{"id":25905,"date":"2025-10-28T09:34:29","date_gmt":"2025-10-28T09:34:29","guid":{"rendered":"https:\/\/www.hanger-tools.com\/?product=jeu-de-9-cles-males-etoiles-noires-hanger-250118-2"},"modified":"2025-10-31T09:14:36","modified_gmt":"2025-10-31T09:14:36","slug":"jeu-de-9-cles-males-etoiles-noires-hanger-250118-2","status":"publish","type":"product","link":"https:\/\/www.hanger-tools.com\/?product=jeu-de-9-cles-males-etoiles-noires-hanger-250118-2","title":{"rendered":"Jeu de 9 cl\u00e9s m\u00e2les \u00e9toiles noires HANGER 250118"},"content":{"rendered":"<p>Ce jeu de 9 cl\u00e9s noires de la marque Hanger offre une polyvalence maximale pour r\u00e9pondre \u00e0 une vari\u00e9t\u00e9 de besoins de serrage. Avec neuf tailles diff\u00e9rentes incluses dans un \u00e9tui num\u00e9rot\u00e9, cet ensemble permet de travailler sur une gamme \u00e9tendue de fixations et d&rsquo;\u00e9crous Torx.<\/p>\n<p>Elles sont livr\u00e9es avec une monture en plastique num\u00e9rot\u00e9e, offrant ainsi un rangement organis\u00e9 et pratique. Cette caract\u00e9ristique permet de garder les cl\u00e9s bien rang\u00e9es et facilement accessibles.<\/p>\n<p>Ces cl\u00e9s noires sont dot\u00e9es d&rsquo;une finition noire mat, offrant ainsi une r\u00e9sistance accrue \u00e0 la corrosion et aux dommages. Cette finition prot\u00e8ge les cl\u00e9s contre les \u00e9l\u00e9ments ext\u00e9rieurs et les conditions de travail difficiles, assurant ainsi une longue dur\u00e9e de vie.<\/p>\n<p>\u00a0<\/p>\n<p><b>Caract\u00e9ristiques techniques :<\/b><\/p>\n<ul>\n<li>Type d&#8217;empreinte\u00a0: Torx<\/li>\n<li>Finition : noir mat<\/li>\n<li>Taille : T10 &#8211; T15 &#8211; T20 &#8211; T25 &#8211; T27 &#8211; T30 &#8211; T40 &#8211; T45 &#8211; T50<\/li>\n<\/ul>\n","protected":false},"excerpt":{"rendered":"<p>Offre une polyvalence maximale pour r\u00e9pondre \u00e0 une vari\u00e9t\u00e9 de besoins de serrage.<\/p>\n","protected":false},"featured_media":25904,"template":"","meta":{"_acf_changed":false,"_et_pb_use_builder":"","_et_pb_old_content":"","_et_gb_content_width":"","_cloudinary_featured_overwrite":false},"product_brand":[],"product_cat":[15,4451,4447],"product_tag":[4066],"class_list":{"0":"post-25905","1":"product","2":"type-product","3":"status-publish","4":"has-post-thumbnail","6":"product_cat-produits","7":"product_cat-cles","8":"product_cat-outils-a-mains","9":"product_tag-hanger","11":"first","12":"instock","13":"shipping-taxable","14":"purchasable","15":"product-type-simple"},"acf":[],"amp_enabled":false,"_links":{"self":[{"href":"https:\/\/www.hanger-tools.com\/index.php?rest_route=\/wp\/v2\/product\/25905","targetHints":{"allow":["GET"]}}],"collection":[{"href":"https:\/\/www.hanger-tools.com\/index.php?rest_route=\/wp\/v2\/product"}],"about":[{"href":"https:\/\/www.hanger-tools.com\/index.php?rest_route=\/wp\/v2\/types\/product"}],"wp:featuredmedia":[{"embeddable":true,"href":"https:\/\/www.hanger-tools.com\/index.php?rest_route=\/wp\/v2\/media\/25904"}],"wp:attachment":[{"href":"https:\/\/www.hanger-tools.com\/index.php?rest_route=%2Fwp%2Fv2%2Fmedia&parent=25905"}],"wp:term":[{"taxonomy":"product_brand","embeddable":true,"href":"https:\/\/www.hanger-tools.com\/index.php?rest_route=%2Fwp%2Fv2%2Fproduct_brand&post=25905"},{"taxonomy":"product_cat","embeddable":true,"href":"https:\/\/www.hanger-tools.com\/index.php?rest_route=%2Fwp%2Fv2%2Fproduct_cat&post=25905"},{"taxonomy":"product_tag","embeddable":true,"href":"https:\/\/www.hanger-tools.com\/index.php?rest_route=%2Fwp%2Fv2%2Fproduct_tag&post=25905"}],"curies":[{"name":"wp","href":"https:\/\/api.w.org\/{rel}","templated":true}]}}