{"id":25815,"date":"2025-10-28T09:31:34","date_gmt":"2025-10-28T09:31:34","guid":{"rendered":"https:\/\/www.hanger-tools.com\/?product=diable-aluminium-repliable-70-kg-hanger-100300-2"},"modified":"2025-10-31T09:33:36","modified_gmt":"2025-10-31T09:33:36","slug":"diable-aluminium-repliable-70-kg-hanger-100300-2","status":"publish","type":"product","link":"https:\/\/www.hanger-tools.com\/?product=diable-aluminium-repliable-70-kg-hanger-100300-2","title":{"rendered":"Diable aluminium repliable 70 kg HANGER 100300"},"content":{"rendered":"<p>Ce diable pliable en aluminium de la marque Hanger est id\u00e9al pour transporter tous les colis. Il est capable de supporter des charges allant jusqu&rsquo;\u00e0 70 kg maximum. Enti\u00e8rement pliable, ce diable est simple \u00e0 manipuler et pratique \u00e0 transporter.<\/p>\n<p>\u00a0<\/p>\n<h3>Caract\u00e9ristiques techniques\u00a0:<\/h3>\n<ul>\n<li>Mat\u00e9riau\u00a0: aluminium<\/li>\n<li>Nombre de roues\u00a0: 2<\/li>\n<li>Dimensions du diable d\u00e9pli\u00e9 : 41 x 40 x 104 cm<\/li>\n<li>Dimensions du diable pli\u00e9 : 39 x 6 x 71 cm<\/li>\n<li>Charge maximum\u00a0: 70 kg<\/li>\n<li>Poids\u00a0: 3,5 kg<\/li>\n<\/ul>\n","protected":false},"excerpt":{"rendered":"<p>Id\u00e9al pour usage domestique ou professionnel l\u00e9ger.<\/p>\n","protected":false},"featured_media":25814,"template":"","meta":{"_acf_changed":false,"_et_pb_use_builder":"","_et_pb_old_content":"","_et_gb_content_width":"","_cloudinary_featured_overwrite":false},"product_brand":[],"product_cat":[15,4460,4466],"product_tag":[4066],"class_list":{"0":"post-25815","1":"product","2":"type-product","3":"status-publish","4":"has-post-thumbnail","6":"product_cat-produits","7":"product_cat-accessoire","8":"product_cat-rangement-transport","9":"product_tag-hanger","11":"first","12":"instock","13":"shipping-taxable","14":"purchasable","15":"product-type-simple"},"acf":[],"amp_enabled":false,"_links":{"self":[{"href":"https:\/\/www.hanger-tools.com\/index.php?rest_route=\/wp\/v2\/product\/25815","targetHints":{"allow":["GET"]}}],"collection":[{"href":"https:\/\/www.hanger-tools.com\/index.php?rest_route=\/wp\/v2\/product"}],"about":[{"href":"https:\/\/www.hanger-tools.com\/index.php?rest_route=\/wp\/v2\/types\/product"}],"wp:featuredmedia":[{"embeddable":true,"href":"https:\/\/www.hanger-tools.com\/index.php?rest_route=\/wp\/v2\/media\/25814"}],"wp:attachment":[{"href":"https:\/\/www.hanger-tools.com\/index.php?rest_route=%2Fwp%2Fv2%2Fmedia&parent=25815"}],"wp:term":[{"taxonomy":"product_brand","embeddable":true,"href":"https:\/\/www.hanger-tools.com\/index.php?rest_route=%2Fwp%2Fv2%2Fproduct_brand&post=25815"},{"taxonomy":"product_cat","embeddable":true,"href":"https:\/\/www.hanger-tools.com\/index.php?rest_route=%2Fwp%2Fv2%2Fproduct_cat&post=25815"},{"taxonomy":"product_tag","embeddable":true,"href":"https:\/\/www.hanger-tools.com\/index.php?rest_route=%2Fwp%2Fv2%2Fproduct_tag&post=25815"}],"curies":[{"name":"wp","href":"https:\/\/api.w.org\/{rel}","templated":true}]}}