{"id":25784,"date":"2025-10-28T09:30:07","date_gmt":"2025-10-28T09:30:07","guid":{"rendered":"https:\/\/www.hanger-tools.com\/?product=disque-carbure-multi-materiaux-125-mm-hanger-150080"},"modified":"2025-10-31T09:18:14","modified_gmt":"2025-10-31T09:18:14","slug":"disque-carbure-multi-materiaux-125-mm-hanger-150080","status":"publish","type":"product","link":"https:\/\/www.hanger-tools.com\/?product=disque-carbure-multi-materiaux-125-mm-hanger-150080","title":{"rendered":"Disque carbure multi-mat\u00e9riaux 125 mm Hanger 150080"},"content":{"rendered":"<p>Le disque carbure multi-mat\u00e9riaux de la marque Hanger vous garantira une coupe rapide gr\u00e2ce \u00e0 ses segments en carbure. Ce disque est sp\u00e9cialement con\u00e7u pour la coupe du bois mais aussi du pl\u00e2tre, PVC et des rev\u00eatements souples tels que l&rsquo;isolant.<\/p>\n<p><strong>Caract\u00e9ristiques techniques :<br \/><\/strong><\/p>\n<ul>\n<li>Machine utilis\u00e9e : meuleuse<\/li>\n<li>Segments en carbure : coupe rapide<\/li>\n<li>Sp\u00e9cialement con\u00e7u pour la coupe du bois<\/li>\n<li>Coupe tr\u00e8s fine.<\/li>\n<li>Nombre de segments sur le disque 125 mm : 12<\/li>\n<li>Nombre de segments sur le disque 230 mm : 18<\/li>\n<\/ul>\n","protected":false},"excerpt":{"rendered":"<p>nan<\/p>\n","protected":false},"featured_media":25783,"template":"","meta":{"_acf_changed":false,"_et_pb_use_builder":"","_et_pb_old_content":"","_et_gb_content_width":"","_cloudinary_featured_overwrite":false},"product_brand":[],"product_cat":[15,4441,4444,4452,4447],"product_tag":[4066],"class_list":{"0":"post-25784","1":"product","2":"type-product","3":"status-publish","4":"has-post-thumbnail","6":"product_cat-produits","7":"product_cat-consommables","8":"product_cat-disques","9":"product_cat-outillage-a-bois","10":"product_cat-outils-a-mains","11":"product_tag-hanger","13":"first","14":"instock","15":"shipping-taxable","16":"purchasable","17":"product-type-simple"},"acf":[],"amp_enabled":false,"_links":{"self":[{"href":"https:\/\/www.hanger-tools.com\/index.php?rest_route=\/wp\/v2\/product\/25784","targetHints":{"allow":["GET"]}}],"collection":[{"href":"https:\/\/www.hanger-tools.com\/index.php?rest_route=\/wp\/v2\/product"}],"about":[{"href":"https:\/\/www.hanger-tools.com\/index.php?rest_route=\/wp\/v2\/types\/product"}],"wp:featuredmedia":[{"embeddable":true,"href":"https:\/\/www.hanger-tools.com\/index.php?rest_route=\/wp\/v2\/media\/25783"}],"wp:attachment":[{"href":"https:\/\/www.hanger-tools.com\/index.php?rest_route=%2Fwp%2Fv2%2Fmedia&parent=25784"}],"wp:term":[{"taxonomy":"product_brand","embeddable":true,"href":"https:\/\/www.hanger-tools.com\/index.php?rest_route=%2Fwp%2Fv2%2Fproduct_brand&post=25784"},{"taxonomy":"product_cat","embeddable":true,"href":"https:\/\/www.hanger-tools.com\/index.php?rest_route=%2Fwp%2Fv2%2Fproduct_cat&post=25784"},{"taxonomy":"product_tag","embeddable":true,"href":"https:\/\/www.hanger-tools.com\/index.php?rest_route=%2Fwp%2Fv2%2Fproduct_tag&post=25784"}],"curies":[{"name":"wp","href":"https:\/\/api.w.org\/{rel}","templated":true}]}}