{"id":25774,"date":"2025-10-28T09:29:31","date_gmt":"2025-10-28T09:29:31","guid":{"rendered":"https:\/\/www.hanger-tools.com\/?product=jeu-de-9-cles-males-hanger-6-pans-magnetiques-2"},"modified":"2025-10-31T09:14:37","modified_gmt":"2025-10-31T09:14:37","slug":"jeu-de-9-cles-males-hanger-6-pans-magnetiques-2","status":"publish","type":"product","link":"https:\/\/www.hanger-tools.com\/?product=jeu-de-9-cles-males-hanger-6-pans-magnetiques-2","title":{"rendered":"Jeu de 9 cl\u00e9s m\u00e2les Hanger 6 pans magn\u00e9tiques"},"content":{"rendered":"<p><strong>Caract\u00e9ristiques techniques :<\/strong><\/p>\n<ul>\n<li>Monture : plastique avec clip ceinture.<\/li>\n<li>Nombre : 9 cl\u00e9s m\u00e2les 6 pans longues.<\/li>\n<li>Dimensions : 1,5 &#8211; 2 &#8211; 2,5 &#8211; 3 &#8211; 4 &#8211; 5 &#8211; 6 &#8211; 8 &#8211; 10 mm.<\/li>\n<li>T\u00eate : sph\u00e9rique magn\u00e9tique.<\/li>\n<li>Coloris : bleu.<\/li>\n<\/ul>\n<p><strong>Livr\u00e9s avec :<\/strong><\/p>\n<ul>\n<li>\u00c9tui.<\/li>\n<\/ul>\n","protected":false},"excerpt":{"rendered":"<p>nan<\/p>\n","protected":false},"featured_media":25773,"template":"","meta":{"_acf_changed":false,"_et_pb_use_builder":"","_et_pb_old_content":"","_et_gb_content_width":"","_cloudinary_featured_overwrite":false},"product_brand":[],"product_cat":[15,4451,4447],"product_tag":[4066],"class_list":{"0":"post-25774","1":"product","2":"type-product","3":"status-publish","4":"has-post-thumbnail","6":"product_cat-produits","7":"product_cat-cles","8":"product_cat-outils-a-mains","9":"product_tag-hanger","11":"first","12":"instock","13":"shipping-taxable","14":"purchasable","15":"product-type-simple"},"acf":[],"amp_enabled":false,"_links":{"self":[{"href":"https:\/\/www.hanger-tools.com\/index.php?rest_route=\/wp\/v2\/product\/25774","targetHints":{"allow":["GET"]}}],"collection":[{"href":"https:\/\/www.hanger-tools.com\/index.php?rest_route=\/wp\/v2\/product"}],"about":[{"href":"https:\/\/www.hanger-tools.com\/index.php?rest_route=\/wp\/v2\/types\/product"}],"wp:featuredmedia":[{"embeddable":true,"href":"https:\/\/www.hanger-tools.com\/index.php?rest_route=\/wp\/v2\/media\/25773"}],"wp:attachment":[{"href":"https:\/\/www.hanger-tools.com\/index.php?rest_route=%2Fwp%2Fv2%2Fmedia&parent=25774"}],"wp:term":[{"taxonomy":"product_brand","embeddable":true,"href":"https:\/\/www.hanger-tools.com\/index.php?rest_route=%2Fwp%2Fv2%2Fproduct_brand&post=25774"},{"taxonomy":"product_cat","embeddable":true,"href":"https:\/\/www.hanger-tools.com\/index.php?rest_route=%2Fwp%2Fv2%2Fproduct_cat&post=25774"},{"taxonomy":"product_tag","embeddable":true,"href":"https:\/\/www.hanger-tools.com\/index.php?rest_route=%2Fwp%2Fv2%2Fproduct_tag&post=25774"}],"curies":[{"name":"wp","href":"https:\/\/api.w.org\/{rel}","templated":true}]}}