{"id":25768,"date":"2025-10-28T09:29:14","date_gmt":"2025-10-28T09:29:14","guid":{"rendered":"https:\/\/www.hanger-tools.com\/?product=cutter-bi-matiere-a-molette-18-mm-hanger-110005-2"},"modified":"2025-10-29T09:34:21","modified_gmt":"2025-10-29T09:34:21","slug":"cutter-bi-matiere-a-molette-18-mm-hanger-110005-2","status":"publish","type":"product","link":"https:\/\/www.hanger-tools.com\/?product=cutter-bi-matiere-a-molette-18-mm-hanger-110005-2","title":{"rendered":"Cutter bi-mati\u00e8re \u00e0 molette 18 mm HANGER 110005"},"content":{"rendered":"<p>Le cutter Hanger est constitu\u00e9 d&rsquo;un corps bi-mati\u00e8re pour une meilleure prise en main et d&rsquo;un\u00a0chariot porte-lame et guide lame en acier inoxydable pour renforcer sa long\u00e9vit\u00e9 et sa solidit\u00e9. Ce cutter est utilisable avec des lames de 18 mm. Le blocage de la lame s&rsquo;effectue par la molette situ\u00e9e \u00e0 l&rsquo;avant du cutter.<\/p>\n<p> <b><\/b><\/p>\n<p><b>Caract\u00e9ristiques techniques :<\/b><\/p>\n<ul>\n<li>Lames s\u00e9cables 18 mm<\/li>\n<li>Casse-lame int\u00e9gr\u00e9<\/li>\n<li>Blocage de la lame par la molette<\/li>\n<\/ul>\n","protected":false},"excerpt":{"rendered":"<p>Un outil robuste et r\u00e9sistant pour divers travaux de d\u00e9coupe.<\/p>\n","protected":false},"featured_media":25767,"template":"","meta":{"_acf_changed":false,"_et_pb_use_builder":"","_et_pb_old_content":"","_et_gb_content_width":"","_cloudinary_featured_overwrite":false},"product_brand":[],"product_cat":[15],"product_tag":[4066],"class_list":{"0":"post-25768","1":"product","2":"type-product","3":"status-publish","4":"has-post-thumbnail","6":"product_cat-produits","7":"product_tag-hanger","9":"first","10":"instock","11":"shipping-taxable","12":"purchasable","13":"product-type-simple"},"acf":[],"amp_enabled":false,"_links":{"self":[{"href":"https:\/\/www.hanger-tools.com\/index.php?rest_route=\/wp\/v2\/product\/25768","targetHints":{"allow":["GET"]}}],"collection":[{"href":"https:\/\/www.hanger-tools.com\/index.php?rest_route=\/wp\/v2\/product"}],"about":[{"href":"https:\/\/www.hanger-tools.com\/index.php?rest_route=\/wp\/v2\/types\/product"}],"wp:featuredmedia":[{"embeddable":true,"href":"https:\/\/www.hanger-tools.com\/index.php?rest_route=\/wp\/v2\/media\/25767"}],"wp:attachment":[{"href":"https:\/\/www.hanger-tools.com\/index.php?rest_route=%2Fwp%2Fv2%2Fmedia&parent=25768"}],"wp:term":[{"taxonomy":"product_brand","embeddable":true,"href":"https:\/\/www.hanger-tools.com\/index.php?rest_route=%2Fwp%2Fv2%2Fproduct_brand&post=25768"},{"taxonomy":"product_cat","embeddable":true,"href":"https:\/\/www.hanger-tools.com\/index.php?rest_route=%2Fwp%2Fv2%2Fproduct_cat&post=25768"},{"taxonomy":"product_tag","embeddable":true,"href":"https:\/\/www.hanger-tools.com\/index.php?rest_route=%2Fwp%2Fv2%2Fproduct_tag&post=25768"}],"curies":[{"name":"wp","href":"https:\/\/api.w.org\/{rel}","templated":true}]}}