{"id":25764,"date":"2025-10-28T09:29:07","date_gmt":"2025-10-28T09:29:07","guid":{"rendered":"https:\/\/www.hanger-tools.com\/?product=cutter-bi-matiere-9-mm-5-lames-hanger-110010"},"modified":"2025-10-29T09:34:21","modified_gmt":"2025-10-29T09:34:21","slug":"cutter-bi-matiere-9-mm-5-lames-hanger-110010","status":"publish","type":"product","link":"https:\/\/www.hanger-tools.com\/?product=cutter-bi-matiere-9-mm-5-lames-hanger-110010","title":{"rendered":"Cutter bi-mati\u00e8re 9 mm 5 lames HANGER 110010"},"content":{"rendered":"<p>Le cutter Hanger est constitu\u00e9 d&rsquo;un corps bi-mati\u00e8re ergonomique pour une bonne prise en main et d&rsquo;un chariot porte-lame et guide lame en acier inoxydable pour renforcer sa long\u00e9vit\u00e9et sa solidit\u00e9. Le cutter 9 mm est fourni avec cinq lames, le cutter 18 mm est fourni avec six lames.<\/p>\n<p><strong>Caract\u00e9ristiques techniques :<br \/><\/strong><\/p>\n<ul>\n<li>Corps bi-mati\u00e8re ergonomique<\/li>\n<li>Chariot porte-lame et guide lame<\/li>\n<li>Casse lames int\u00e9gr\u00e9<\/li>\n<li>Lames s\u00e9cables<\/li>\n<\/ul>\n","protected":false},"excerpt":{"rendered":"<p>nan<\/p>\n","protected":false},"featured_media":25760,"template":"","meta":{"_acf_changed":false,"_et_pb_use_builder":"","_et_pb_old_content":"","_et_gb_content_width":"","_cloudinary_featured_overwrite":false},"product_brand":[],"product_cat":[15],"product_tag":[4066],"class_list":{"0":"post-25764","1":"product","2":"type-product","3":"status-publish","4":"has-post-thumbnail","6":"product_cat-produits","7":"product_tag-hanger","9":"first","10":"instock","11":"shipping-taxable","12":"purchasable","13":"product-type-simple"},"acf":[],"amp_enabled":false,"_links":{"self":[{"href":"https:\/\/www.hanger-tools.com\/index.php?rest_route=\/wp\/v2\/product\/25764","targetHints":{"allow":["GET"]}}],"collection":[{"href":"https:\/\/www.hanger-tools.com\/index.php?rest_route=\/wp\/v2\/product"}],"about":[{"href":"https:\/\/www.hanger-tools.com\/index.php?rest_route=\/wp\/v2\/types\/product"}],"wp:featuredmedia":[{"embeddable":true,"href":"https:\/\/www.hanger-tools.com\/index.php?rest_route=\/wp\/v2\/media\/25760"}],"wp:attachment":[{"href":"https:\/\/www.hanger-tools.com\/index.php?rest_route=%2Fwp%2Fv2%2Fmedia&parent=25764"}],"wp:term":[{"taxonomy":"product_brand","embeddable":true,"href":"https:\/\/www.hanger-tools.com\/index.php?rest_route=%2Fwp%2Fv2%2Fproduct_brand&post=25764"},{"taxonomy":"product_cat","embeddable":true,"href":"https:\/\/www.hanger-tools.com\/index.php?rest_route=%2Fwp%2Fv2%2Fproduct_cat&post=25764"},{"taxonomy":"product_tag","embeddable":true,"href":"https:\/\/www.hanger-tools.com\/index.php?rest_route=%2Fwp%2Fv2%2Fproduct_tag&post=25764"}],"curies":[{"name":"wp","href":"https:\/\/api.w.org\/{rel}","templated":true}]}}