{"id":25763,"date":"2025-10-28T09:29:06","date_gmt":"2025-10-28T09:29:06","guid":{"rendered":"https:\/\/www.hanger-tools.com\/?product=cutter-hanger-trapezoidal-avec-chargeur-de-lames-2"},"modified":"2025-10-29T09:34:20","modified_gmt":"2025-10-29T09:34:20","slug":"cutter-hanger-trapezoidal-avec-chargeur-de-lames-2","status":"publish","type":"product","link":"https:\/\/www.hanger-tools.com\/?product=cutter-hanger-trapezoidal-avec-chargeur-de-lames-2","title":{"rendered":"Cutter Hanger trap\u00e9zo\u00efdal avec chargeur de lames"},"content":{"rendered":"<p>Ce cutter de la marque Hanger vous garantit une bonne prise en main gr\u00e2ce \u00e0 sa poign\u00e9e large et incurv\u00e9e.<\/p>\n<p><strong>Caract\u00e9ristiques techniques :<br \/><\/strong><\/p>\n<ul>\n<li>Changement rapide de la lame<\/li>\n<li>R\u00e9servoir de lames int\u00e9gr\u00e9<\/li>\n<li>Fourni avec cinq lames trap\u00e8ze<\/li>\n<\/ul>\n","protected":false},"excerpt":{"rendered":"<p>nan<\/p>\n","protected":false},"featured_media":25762,"template":"","meta":{"_acf_changed":false,"_et_pb_use_builder":"","_et_pb_old_content":"","_et_gb_content_width":"","_cloudinary_featured_overwrite":false},"product_brand":[],"product_cat":[15],"product_tag":[4066],"class_list":{"0":"post-25763","1":"product","2":"type-product","3":"status-publish","4":"has-post-thumbnail","6":"product_cat-produits","7":"product_tag-hanger","9":"first","10":"instock","11":"shipping-taxable","12":"purchasable","13":"product-type-simple"},"acf":[],"amp_enabled":false,"_links":{"self":[{"href":"https:\/\/www.hanger-tools.com\/index.php?rest_route=\/wp\/v2\/product\/25763","targetHints":{"allow":["GET"]}}],"collection":[{"href":"https:\/\/www.hanger-tools.com\/index.php?rest_route=\/wp\/v2\/product"}],"about":[{"href":"https:\/\/www.hanger-tools.com\/index.php?rest_route=\/wp\/v2\/types\/product"}],"wp:featuredmedia":[{"embeddable":true,"href":"https:\/\/www.hanger-tools.com\/index.php?rest_route=\/wp\/v2\/media\/25762"}],"wp:attachment":[{"href":"https:\/\/www.hanger-tools.com\/index.php?rest_route=%2Fwp%2Fv2%2Fmedia&parent=25763"}],"wp:term":[{"taxonomy":"product_brand","embeddable":true,"href":"https:\/\/www.hanger-tools.com\/index.php?rest_route=%2Fwp%2Fv2%2Fproduct_brand&post=25763"},{"taxonomy":"product_cat","embeddable":true,"href":"https:\/\/www.hanger-tools.com\/index.php?rest_route=%2Fwp%2Fv2%2Fproduct_cat&post=25763"},{"taxonomy":"product_tag","embeddable":true,"href":"https:\/\/www.hanger-tools.com\/index.php?rest_route=%2Fwp%2Fv2%2Fproduct_tag&post=25763"}],"curies":[{"name":"wp","href":"https:\/\/api.w.org\/{rel}","templated":true}]}}