{"id":25759,"date":"2025-10-28T09:28:54","date_gmt":"2025-10-28T09:28:54","guid":{"rendered":"https:\/\/www.hanger-tools.com\/?product=cutter-hanger-bi-matiere-a-molette-de-blocage-2"},"modified":"2025-10-29T09:34:18","modified_gmt":"2025-10-29T09:34:18","slug":"cutter-hanger-bi-matiere-a-molette-de-blocage-2","status":"publish","type":"product","link":"https:\/\/www.hanger-tools.com\/?product=cutter-hanger-bi-matiere-a-molette-de-blocage-2","title":{"rendered":"Cutter Hanger bi-mati\u00e8re \u00e0 molette de blocage"},"content":{"rendered":"<p>Le cutter Hanger est constitu\u00e9 d&rsquo;un corps bi-mati\u00e8re ergonomique pour assurer une bonne prise en main. Ce mod\u00e8le est dot\u00e9 d&rsquo;une molette de blocage \u00e0 l&rsquo;arri\u00e8re du cutter pour bloquer la lame en fonction de la profondeur de coupe recherch\u00e9e.<\/p>\n<p>D&rsquo;une grande r\u00e9sistance \u00e0 la corrosion, ce cutter comporte un chariot porte-lame et guide lame en acier inoxydable. Cette mati\u00e8re a \u00e9t\u00e9 sp\u00e9cialement choisie pour renforcer la long\u00e9vit\u00e9 et la solidit\u00e9 de l&rsquo;outil. Ce cutter est fourni des lames de rechange. Assurant ainsi une utilisation prolong\u00e9e.<\/p>\n","protected":false},"excerpt":{"rendered":"<p>nan<\/p>\n","protected":false},"featured_media":25758,"template":"","meta":{"_acf_changed":false,"_et_pb_use_builder":"","_et_pb_old_content":"","_et_gb_content_width":"","_cloudinary_featured_overwrite":false},"product_brand":[],"product_cat":[15],"product_tag":[4066],"class_list":{"0":"post-25759","1":"product","2":"type-product","3":"status-publish","4":"has-post-thumbnail","6":"product_cat-produits","7":"product_tag-hanger","9":"first","10":"instock","11":"shipping-taxable","12":"purchasable","13":"product-type-simple"},"acf":[],"amp_enabled":false,"_links":{"self":[{"href":"https:\/\/www.hanger-tools.com\/index.php?rest_route=\/wp\/v2\/product\/25759","targetHints":{"allow":["GET"]}}],"collection":[{"href":"https:\/\/www.hanger-tools.com\/index.php?rest_route=\/wp\/v2\/product"}],"about":[{"href":"https:\/\/www.hanger-tools.com\/index.php?rest_route=\/wp\/v2\/types\/product"}],"wp:featuredmedia":[{"embeddable":true,"href":"https:\/\/www.hanger-tools.com\/index.php?rest_route=\/wp\/v2\/media\/25758"}],"wp:attachment":[{"href":"https:\/\/www.hanger-tools.com\/index.php?rest_route=%2Fwp%2Fv2%2Fmedia&parent=25759"}],"wp:term":[{"taxonomy":"product_brand","embeddable":true,"href":"https:\/\/www.hanger-tools.com\/index.php?rest_route=%2Fwp%2Fv2%2Fproduct_brand&post=25759"},{"taxonomy":"product_cat","embeddable":true,"href":"https:\/\/www.hanger-tools.com\/index.php?rest_route=%2Fwp%2Fv2%2Fproduct_cat&post=25759"},{"taxonomy":"product_tag","embeddable":true,"href":"https:\/\/www.hanger-tools.com\/index.php?rest_route=%2Fwp%2Fv2%2Fproduct_tag&post=25759"}],"curies":[{"name":"wp","href":"https:\/\/api.w.org\/{rel}","templated":true}]}}