{"id":25753,"date":"2025-10-28T09:28:36","date_gmt":"2025-10-28T09:28:36","guid":{"rendered":"https:\/\/www.hanger-tools.com\/?product=cutter-zinc-curseur-hanger-18mm-2"},"modified":"2025-10-29T09:34:17","modified_gmt":"2025-10-29T09:34:17","slug":"cutter-zinc-curseur-hanger-18mm-2","status":"publish","type":"product","link":"https:\/\/www.hanger-tools.com\/?product=cutter-zinc-curseur-hanger-18mm-2","title":{"rendered":"Cutter zinc curseur Hanger 18mm"},"content":{"rendered":"<p>Ce cutter de la marque Hanger est en zinc pour une meilleure r\u00e9sistance dans le temps. Le blocage de la lame peut se faire gr\u00e2ce \u00e0 la molette de blocage \u00e0 l&rsquo;arri\u00e8re du cutter. La chariot porte-lame et le guide-lema sont en acier inoxydable afin de garantir la long\u00e9vit\u00e9 et la solidit\u00e9 du cuttre.<\/p>\n<p> <strong>Caract\u00e9ristiques techniques :<\/strong><\/p>\n<ul>\n<li>Corps en zinc<\/li>\n<li>Molette de blocage \u00e0 l&rsquo;arri\u00e8re<\/li>\n<li>R\u00e9servoir 6 lames s\u00e9cables 18 mm<\/li>\n<\/ul>\n","protected":false},"excerpt":{"rendered":"<p>nan<\/p>\n","protected":false},"featured_media":25752,"template":"","meta":{"_acf_changed":false,"_et_pb_use_builder":"","_et_pb_old_content":"","_et_gb_content_width":"","_cloudinary_featured_overwrite":false},"product_brand":[],"product_cat":[15],"product_tag":[4066],"class_list":{"0":"post-25753","1":"product","2":"type-product","3":"status-publish","4":"has-post-thumbnail","6":"product_cat-produits","7":"product_tag-hanger","9":"first","10":"instock","11":"shipping-taxable","12":"purchasable","13":"product-type-simple"},"acf":[],"amp_enabled":false,"_links":{"self":[{"href":"https:\/\/www.hanger-tools.com\/index.php?rest_route=\/wp\/v2\/product\/25753","targetHints":{"allow":["GET"]}}],"collection":[{"href":"https:\/\/www.hanger-tools.com\/index.php?rest_route=\/wp\/v2\/product"}],"about":[{"href":"https:\/\/www.hanger-tools.com\/index.php?rest_route=\/wp\/v2\/types\/product"}],"wp:featuredmedia":[{"embeddable":true,"href":"https:\/\/www.hanger-tools.com\/index.php?rest_route=\/wp\/v2\/media\/25752"}],"wp:attachment":[{"href":"https:\/\/www.hanger-tools.com\/index.php?rest_route=%2Fwp%2Fv2%2Fmedia&parent=25753"}],"wp:term":[{"taxonomy":"product_brand","embeddable":true,"href":"https:\/\/www.hanger-tools.com\/index.php?rest_route=%2Fwp%2Fv2%2Fproduct_brand&post=25753"},{"taxonomy":"product_cat","embeddable":true,"href":"https:\/\/www.hanger-tools.com\/index.php?rest_route=%2Fwp%2Fv2%2Fproduct_cat&post=25753"},{"taxonomy":"product_tag","embeddable":true,"href":"https:\/\/www.hanger-tools.com\/index.php?rest_route=%2Fwp%2Fv2%2Fproduct_tag&post=25753"}],"curies":[{"name":"wp","href":"https:\/\/api.w.org\/{rel}","templated":true}]}}