{"id":25751,"date":"2025-10-28T09:28:27","date_gmt":"2025-10-28T09:28:27","guid":{"rendered":"https:\/\/www.hanger-tools.com\/?product=couteau-de-securite-hanger-2"},"modified":"2025-10-29T09:34:15","modified_gmt":"2025-10-29T09:34:15","slug":"couteau-de-securite-hanger-2","status":"publish","type":"product","link":"https:\/\/www.hanger-tools.com\/?product=couteau-de-securite-hanger-2","title":{"rendered":"Couteau de s\u00e9curit\u00e9 Hanger"},"content":{"rendered":"<p>Poign\u00e9e large et incurv\u00e9e pour une bonne prise en main. Equip\u00e9e d&rsquo;un ressort activant la r\u00e9tractation imm\u00e9diate de la lame d\u00e8s qu&rsquo;elle n&rsquo;est plus en contact avec la surface \u00e0 couper : r\u00e9duit le risque de blessures.<\/p>\n<p><\/p>\n<p><strong>Livr\u00e9 avec :<\/strong><\/p>\n<ul>\n<li>Une lame \u00e0 bouts arrondis.<\/li>\n<li>Un \u00e9tui de 10 lames.<\/li>\n<\/ul>\n","protected":false},"excerpt":{"rendered":"<p>R\u00e9tractation imm\u00e9diate de la lame d\u00e8s qu&rsquo;elle n&rsquo;est plus en contact avec la surface \u00e0 couper<\/p>\n","protected":false},"featured_media":25750,"template":"","meta":{"_acf_changed":false,"_et_pb_use_builder":"","_et_pb_old_content":"","_et_gb_content_width":"","_cloudinary_featured_overwrite":false},"product_brand":[],"product_cat":[15],"product_tag":[4066],"class_list":{"0":"post-25751","1":"product","2":"type-product","3":"status-publish","4":"has-post-thumbnail","6":"product_cat-produits","7":"product_tag-hanger","9":"first","10":"instock","11":"shipping-taxable","12":"purchasable","13":"product-type-simple"},"acf":[],"amp_enabled":false,"_links":{"self":[{"href":"https:\/\/www.hanger-tools.com\/index.php?rest_route=\/wp\/v2\/product\/25751","targetHints":{"allow":["GET"]}}],"collection":[{"href":"https:\/\/www.hanger-tools.com\/index.php?rest_route=\/wp\/v2\/product"}],"about":[{"href":"https:\/\/www.hanger-tools.com\/index.php?rest_route=\/wp\/v2\/types\/product"}],"wp:featuredmedia":[{"embeddable":true,"href":"https:\/\/www.hanger-tools.com\/index.php?rest_route=\/wp\/v2\/media\/25750"}],"wp:attachment":[{"href":"https:\/\/www.hanger-tools.com\/index.php?rest_route=%2Fwp%2Fv2%2Fmedia&parent=25751"}],"wp:term":[{"taxonomy":"product_brand","embeddable":true,"href":"https:\/\/www.hanger-tools.com\/index.php?rest_route=%2Fwp%2Fv2%2Fproduct_brand&post=25751"},{"taxonomy":"product_cat","embeddable":true,"href":"https:\/\/www.hanger-tools.com\/index.php?rest_route=%2Fwp%2Fv2%2Fproduct_cat&post=25751"},{"taxonomy":"product_tag","embeddable":true,"href":"https:\/\/www.hanger-tools.com\/index.php?rest_route=%2Fwp%2Fv2%2Fproduct_tag&post=25751"}],"curies":[{"name":"wp","href":"https:\/\/api.w.org\/{rel}","templated":true}]}}