{"id":25719,"date":"2025-10-28T09:27:02","date_gmt":"2025-10-28T09:27:02","guid":{"rendered":"https:\/\/www.hanger-tools.com\/?product=cle-a-molette-chromee-10-ouverture-29-mm-hanger-214010"},"modified":"2025-10-31T09:14:40","modified_gmt":"2025-10-31T09:14:40","slug":"cle-a-molette-chromee-10-ouverture-29-mm-hanger-214010","status":"publish","type":"product","link":"https:\/\/www.hanger-tools.com\/?product=cle-a-molette-chromee-10-ouverture-29-mm-hanger-214010","title":{"rendered":"Cl\u00e9 \u00e0 molette chrom\u00e9e 10\u00a0\u00bb ouverture 29 mm HANGER 214010"},"content":{"rendered":"<p>Ces cl\u00e9s \u00e0 molette chrom\u00e9es de la marque Hanger se distinguent par leur corps chrom\u00e9 et leurs faces t\u00eates polies, offrant ainsi une durabilit\u00e9 accrue et une esth\u00e9tique soign\u00e9e. Le rev\u00eatement chrom\u00e9 prot\u00e8ge les cl\u00e9s contre la corrosion et les dommages, assurant ainsi une longue dur\u00e9e de vie du produit.<\/p>\n<p>Elles sont \u00e9galement \u00e9quip\u00e9es de graduations millim\u00e9triques qui permettent un pr\u00e9r\u00e9glage facile de l&rsquo;ouverture des becs. Cette caract\u00e9ristique pratique permet de r\u00e9gler pr\u00e9cis\u00e9ment la taille de la cl\u00e9 en fonction des besoins, r\u00e9duisant ainsi le temps et les efforts n\u00e9cessaires pour chaque t\u00e2che de serrage.<\/p>\n<p>\u00a0<\/p>\n<p><b>Caract\u00e9ristiques techniques :<\/b><\/p>\n<ul>\n<li>Mati\u00e8re\u00a0du manche : acier<\/li>\n<li>Finition\u00a0: chrom\u00e9e<\/li>\n<\/ul>\n","protected":false},"excerpt":{"rendered":"<p>Corps chrom\u00e9 et faces t\u00eates polies pour une durabilit\u00e9 accrue.<\/p>\n","protected":false},"featured_media":25718,"template":"","meta":{"_acf_changed":false,"_et_pb_use_builder":"","_et_pb_old_content":"","_et_gb_content_width":"","_cloudinary_featured_overwrite":false},"product_brand":[],"product_cat":[15,4451,4447],"product_tag":[4066],"class_list":{"0":"post-25719","1":"product","2":"type-product","3":"status-publish","4":"has-post-thumbnail","6":"product_cat-produits","7":"product_cat-cles","8":"product_cat-outils-a-mains","9":"product_tag-hanger","11":"first","12":"instock","13":"shipping-taxable","14":"purchasable","15":"product-type-simple"},"acf":[],"amp_enabled":false,"_links":{"self":[{"href":"https:\/\/www.hanger-tools.com\/index.php?rest_route=\/wp\/v2\/product\/25719","targetHints":{"allow":["GET"]}}],"collection":[{"href":"https:\/\/www.hanger-tools.com\/index.php?rest_route=\/wp\/v2\/product"}],"about":[{"href":"https:\/\/www.hanger-tools.com\/index.php?rest_route=\/wp\/v2\/types\/product"}],"wp:featuredmedia":[{"embeddable":true,"href":"https:\/\/www.hanger-tools.com\/index.php?rest_route=\/wp\/v2\/media\/25718"}],"wp:attachment":[{"href":"https:\/\/www.hanger-tools.com\/index.php?rest_route=%2Fwp%2Fv2%2Fmedia&parent=25719"}],"wp:term":[{"taxonomy":"product_brand","embeddable":true,"href":"https:\/\/www.hanger-tools.com\/index.php?rest_route=%2Fwp%2Fv2%2Fproduct_brand&post=25719"},{"taxonomy":"product_cat","embeddable":true,"href":"https:\/\/www.hanger-tools.com\/index.php?rest_route=%2Fwp%2Fv2%2Fproduct_cat&post=25719"},{"taxonomy":"product_tag","embeddable":true,"href":"https:\/\/www.hanger-tools.com\/index.php?rest_route=%2Fwp%2Fv2%2Fproduct_tag&post=25719"}],"curies":[{"name":"wp","href":"https:\/\/api.w.org\/{rel}","templated":true}]}}