{"id":25713,"date":"2025-10-28T09:26:50","date_gmt":"2025-10-28T09:26:50","guid":{"rendered":"https:\/\/www.hanger-tools.com\/?product=coffret-de-9-trepans-pour-serrurier-hanger-150499-2"},"modified":"2025-10-31T09:14:41","modified_gmt":"2025-10-31T09:14:41","slug":"coffret-de-9-trepans-pour-serrurier-hanger-150499-2","status":"publish","type":"product","link":"https:\/\/www.hanger-tools.com\/?product=coffret-de-9-trepans-pour-serrurier-hanger-150499-2","title":{"rendered":"Coffret de 9 tr\u00e9pans pour serrurier HANGER 150499"},"content":{"rendered":"<p>Le coffret de 9 tr\u00e9pans HSS bi-m\u00e9tal de la marque Hanger offre une solution compl\u00e8te pour r\u00e9pondre \u00e0 une vari\u00e9t\u00e9 de besoins de per\u00e7age. Avec une gamme \u00e9tendue de tailles de tr\u00e9pans incluses, c&rsquo;est l&rsquo;outil parfait pour chaque travail de reproduction de cl\u00e9s, que ce soit pour des serrures de diff\u00e9rentes dimensions ou pour d&rsquo;autres applications.<\/p>\n<p>Les tr\u00e9pans HSS bi-m\u00e9tal inclus dans ce coffret sont dot\u00e9s d&rsquo;un pas variable, ce qui les rend adapt\u00e9s \u00e0 une large gamme de mat\u00e9riaux et de besoins de per\u00e7age.<\/p>\n<p>Le coffret de tr\u00e9pans est sp\u00e9cialement con\u00e7u pour r\u00e9pondre aux exigences uniques des serruriers. Chaque tr\u00e9pan est fabriqu\u00e9 avec des mat\u00e9riaux de haute qualit\u00e9 pour garantir une grande durabilit\u00e9, m\u00eame lors d&rsquo;une utilisation intensive sur le terrain.<\/p>\n<p>\u00a0<\/p>\n<p><b>Caract\u00e9ristique technique :<\/b><\/p>\n<ul>\n<li>Diam\u00e8tres : 17 &#8211; 24 &#8211; 27 &#8211; 32 &#8211; 35 &#8211; 38 &#8211; 41 &#8211; 44 &#8211; 48 mm<\/li>\n<\/ul>\n","protected":false},"excerpt":{"rendered":"<p>nan<\/p>\n","protected":false},"featured_media":25712,"template":"","meta":{"_acf_changed":false,"_et_pb_use_builder":"","_et_pb_old_content":"","_et_gb_content_width":"","_cloudinary_featured_overwrite":false},"product_brand":[],"product_cat":[15,4451,4447],"product_tag":[4066],"class_list":{"0":"post-25713","1":"product","2":"type-product","3":"status-publish","4":"has-post-thumbnail","6":"product_cat-produits","7":"product_cat-cles","8":"product_cat-outils-a-mains","9":"product_tag-hanger","11":"first","12":"instock","13":"shipping-taxable","14":"purchasable","15":"product-type-simple"},"acf":[],"amp_enabled":false,"_links":{"self":[{"href":"https:\/\/www.hanger-tools.com\/index.php?rest_route=\/wp\/v2\/product\/25713","targetHints":{"allow":["GET"]}}],"collection":[{"href":"https:\/\/www.hanger-tools.com\/index.php?rest_route=\/wp\/v2\/product"}],"about":[{"href":"https:\/\/www.hanger-tools.com\/index.php?rest_route=\/wp\/v2\/types\/product"}],"wp:featuredmedia":[{"embeddable":true,"href":"https:\/\/www.hanger-tools.com\/index.php?rest_route=\/wp\/v2\/media\/25712"}],"wp:attachment":[{"href":"https:\/\/www.hanger-tools.com\/index.php?rest_route=%2Fwp%2Fv2%2Fmedia&parent=25713"}],"wp:term":[{"taxonomy":"product_brand","embeddable":true,"href":"https:\/\/www.hanger-tools.com\/index.php?rest_route=%2Fwp%2Fv2%2Fproduct_brand&post=25713"},{"taxonomy":"product_cat","embeddable":true,"href":"https:\/\/www.hanger-tools.com\/index.php?rest_route=%2Fwp%2Fv2%2Fproduct_cat&post=25713"},{"taxonomy":"product_tag","embeddable":true,"href":"https:\/\/www.hanger-tools.com\/index.php?rest_route=%2Fwp%2Fv2%2Fproduct_tag&post=25713"}],"curies":[{"name":"wp","href":"https:\/\/api.w.org\/{rel}","templated":true}]}}