{"id":25616,"date":"2025-10-28T09:22:55","date_gmt":"2025-10-28T09:22:55","guid":{"rendered":"https:\/\/www.hanger-tools.com\/?product=sac-a-dos-a-roulettes-p22-hanger-510108"},"modified":"2025-10-31T09:34:29","modified_gmt":"2025-10-31T09:34:29","slug":"sac-a-dos-a-roulettes-p22-hanger-510108","status":"publish","type":"product","link":"https:\/\/www.hanger-tools.com\/?product=sac-a-dos-a-roulettes-p22-hanger-510108","title":{"rendered":"Sac \u00e0 dos \u00e0 roulettes P22 &#8211; HANGER &#8211; 510108"},"content":{"rendered":"<p>Poign\u00e9e t\u00e9lescopique pour faciliter le d\u00e9placement sur roulettes. Equip\u00e9 d&rsquo;une poche arri\u00e8re pour ranger les bretelles du sac. Coussinets au dos afin d&rsquo;amortir les chocs. Rangements multiples. Id\u00e9al pour les d\u00e9placements \u00e0 moto et \u00e0 pieds.<\/p>\n<p><strong>Caract\u00e9ristiques techniques : <\/strong><\/p>\n<ul>\n<li>Poign\u00e9e t\u00e9lescopique avec bouton<\/li>\n<li>Capacit\u00e9 : 30 L<\/li>\n<li>Poids : 3,000 kg<\/li>\n<li>Dimension : 35 x 22 x 52 cm<\/li>\n<li>Composition : 600 deniers + PVC<\/li>\n<\/ul>\n","protected":false},"excerpt":{"rendered":"<p>nan<\/p>\n","protected":false},"featured_media":25615,"template":"","meta":{"_acf_changed":false,"_et_pb_use_builder":"","_et_pb_old_content":"","_et_gb_content_width":"","_cloudinary_featured_overwrite":false},"product_brand":[],"product_cat":[15,4460,4466],"product_tag":[4066],"class_list":{"0":"post-25616","1":"product","2":"type-product","3":"status-publish","4":"has-post-thumbnail","6":"product_cat-produits","7":"product_cat-accessoire","8":"product_cat-rangement-transport","9":"product_tag-hanger","11":"first","12":"outofstock","13":"shipping-taxable","14":"purchasable","15":"product-type-simple"},"acf":[],"amp_enabled":false,"_links":{"self":[{"href":"https:\/\/www.hanger-tools.com\/index.php?rest_route=\/wp\/v2\/product\/25616","targetHints":{"allow":["GET"]}}],"collection":[{"href":"https:\/\/www.hanger-tools.com\/index.php?rest_route=\/wp\/v2\/product"}],"about":[{"href":"https:\/\/www.hanger-tools.com\/index.php?rest_route=\/wp\/v2\/types\/product"}],"wp:featuredmedia":[{"embeddable":true,"href":"https:\/\/www.hanger-tools.com\/index.php?rest_route=\/wp\/v2\/media\/25615"}],"wp:attachment":[{"href":"https:\/\/www.hanger-tools.com\/index.php?rest_route=%2Fwp%2Fv2%2Fmedia&parent=25616"}],"wp:term":[{"taxonomy":"product_brand","embeddable":true,"href":"https:\/\/www.hanger-tools.com\/index.php?rest_route=%2Fwp%2Fv2%2Fproduct_brand&post=25616"},{"taxonomy":"product_cat","embeddable":true,"href":"https:\/\/www.hanger-tools.com\/index.php?rest_route=%2Fwp%2Fv2%2Fproduct_cat&post=25616"},{"taxonomy":"product_tag","embeddable":true,"href":"https:\/\/www.hanger-tools.com\/index.php?rest_route=%2Fwp%2Fv2%2Fproduct_tag&post=25616"}],"curies":[{"name":"wp","href":"https:\/\/api.w.org\/{rel}","templated":true}]}}