{"id":25612,"date":"2025-10-28T09:22:38","date_gmt":"2025-10-28T09:22:38","guid":{"rendered":"https:\/\/www.hanger-tools.com\/?product=sac-a-outils-textile-18-litres-hanger-510110"},"modified":"2025-10-31T09:34:30","modified_gmt":"2025-10-31T09:34:30","slug":"sac-a-outils-textile-18-litres-hanger-510110","status":"publish","type":"product","link":"https:\/\/www.hanger-tools.com\/?product=sac-a-outils-textile-18-litres-hanger-510110","title":{"rendered":"Sac \u00e0 outils textile 18 litres HANGER &#8211; 510110"},"content":{"rendered":"<p>Ce sac \u00e0 outils de la marque Hanger vous sera tr\u00e8s utile pour ranger la plupart de vos outils gr\u00e2ce \u00e0 ses deux grands compartiments de rangement et sa pochette de rangement multi-outils \u00e0 l&rsquo;avant. Sa bandouli\u00e8re matelass\u00e9e vous permettra de le porter sur l&rsquo;\u00e9paule avec confort mais vous pourrez \u00e9galement la retirer si vous pr\u00e9f\u00e9rez porter le sac par sa poign\u00e9e rev\u00eatu de caoutchouc souple.<br \/><strong><br \/>Caract\u00e9ristiques techniques :<\/strong><\/p>\n<ul>\n<li>Multi-emplacements de rangement \u00e0 l&rsquo;int\u00e9rieur du sac<\/li>\n<li>Fond du sac r\u00e9sistant aux projections de liquides<\/li>\n<li>Bandouli\u00e8re : matelass\u00e9e, ajustable et amovible<\/li>\n<li>Poign\u00e9e en acier<\/li>\n<li>Fermetures \u00e9clairs avec zip caoutchouc permettant l&rsquo;ouverture et la fermeture avec des gants<\/li>\n<li>Pieds antid\u00e9rapants<\/li>\n<li>Capacit\u00e9 : 18 L<\/li>\n<li>Poids : 3,200 kg<\/li>\n<li>Dimension : 38 x 29 x 37 cm<\/li>\n<li>Composition : 100% polyester<\/li>\n<\/ul>\n","protected":false},"excerpt":{"rendered":"<p>nan<\/p>\n","protected":false},"featured_media":25611,"template":"","meta":{"_acf_changed":false,"_et_pb_use_builder":"","_et_pb_old_content":"","_et_gb_content_width":"","_cloudinary_featured_overwrite":false},"product_brand":[],"product_cat":[15,4460,4453,4466],"product_tag":[4066],"class_list":{"0":"post-25612","1":"product","2":"type-product","3":"status-publish","4":"has-post-thumbnail","6":"product_cat-produits","7":"product_cat-accessoire","8":"product_cat-protection-et-securite","9":"product_cat-rangement-transport","10":"product_tag-hanger","12":"first","13":"outofstock","14":"shipping-taxable","15":"purchasable","16":"product-type-simple"},"acf":[],"amp_enabled":false,"_links":{"self":[{"href":"https:\/\/www.hanger-tools.com\/index.php?rest_route=\/wp\/v2\/product\/25612","targetHints":{"allow":["GET"]}}],"collection":[{"href":"https:\/\/www.hanger-tools.com\/index.php?rest_route=\/wp\/v2\/product"}],"about":[{"href":"https:\/\/www.hanger-tools.com\/index.php?rest_route=\/wp\/v2\/types\/product"}],"wp:featuredmedia":[{"embeddable":true,"href":"https:\/\/www.hanger-tools.com\/index.php?rest_route=\/wp\/v2\/media\/25611"}],"wp:attachment":[{"href":"https:\/\/www.hanger-tools.com\/index.php?rest_route=%2Fwp%2Fv2%2Fmedia&parent=25612"}],"wp:term":[{"taxonomy":"product_brand","embeddable":true,"href":"https:\/\/www.hanger-tools.com\/index.php?rest_route=%2Fwp%2Fv2%2Fproduct_brand&post=25612"},{"taxonomy":"product_cat","embeddable":true,"href":"https:\/\/www.hanger-tools.com\/index.php?rest_route=%2Fwp%2Fv2%2Fproduct_cat&post=25612"},{"taxonomy":"product_tag","embeddable":true,"href":"https:\/\/www.hanger-tools.com\/index.php?rest_route=%2Fwp%2Fv2%2Fproduct_tag&post=25612"}],"curies":[{"name":"wp","href":"https:\/\/api.w.org\/{rel}","templated":true}]}}