{"id":25608,"date":"2025-10-28T09:22:23","date_gmt":"2025-10-28T09:22:23","guid":{"rendered":"https:\/\/www.hanger-tools.com\/?product=sac-a-outils-hanger-r47-2"},"modified":"2025-10-31T09:34:32","modified_gmt":"2025-10-31T09:34:32","slug":"sac-a-outils-hanger-r47-2","status":"publish","type":"product","link":"https:\/\/www.hanger-tools.com\/?product=sac-a-outils-hanger-r47-2","title":{"rendered":"Sac \u00e0 outils Hanger R47"},"content":{"rendered":"<p>Sac \u00e0 outils toile avec base polypropyl\u00e8ne \u00e9tanche. Multi-compartiments. \u00c9quip\u00e9 d&rsquo;une bandouli\u00e8re r\u00e9sistante.<\/p>\n<p><strong>Caract\u00e9ristiques techniques :<\/strong><\/p>\n<ul>\n<li>Dimensions : 470 x 280 x 350 mm.<\/li>\n<li>Capacit\u00e9 : 30 kg.<\/li>\n<li>Multi-compartiments.<\/li>\n<li>Couleur : rouge \/ noir.<\/li>\n<\/ul>\n","protected":false},"excerpt":{"rendered":"<p>nan<\/p>\n","protected":false},"featured_media":25607,"template":"","meta":{"_acf_changed":false,"_et_pb_use_builder":"","_et_pb_old_content":"","_et_gb_content_width":"","_cloudinary_featured_overwrite":false},"product_brand":[],"product_cat":[15,4460,4466],"product_tag":[4066],"class_list":{"0":"post-25608","1":"product","2":"type-product","3":"status-publish","4":"has-post-thumbnail","6":"product_cat-produits","7":"product_cat-accessoire","8":"product_cat-rangement-transport","9":"product_tag-hanger","11":"first","12":"outofstock","13":"shipping-taxable","14":"purchasable","15":"product-type-simple"},"acf":[],"amp_enabled":false,"_links":{"self":[{"href":"https:\/\/www.hanger-tools.com\/index.php?rest_route=\/wp\/v2\/product\/25608","targetHints":{"allow":["GET"]}}],"collection":[{"href":"https:\/\/www.hanger-tools.com\/index.php?rest_route=\/wp\/v2\/product"}],"about":[{"href":"https:\/\/www.hanger-tools.com\/index.php?rest_route=\/wp\/v2\/types\/product"}],"wp:featuredmedia":[{"embeddable":true,"href":"https:\/\/www.hanger-tools.com\/index.php?rest_route=\/wp\/v2\/media\/25607"}],"wp:attachment":[{"href":"https:\/\/www.hanger-tools.com\/index.php?rest_route=%2Fwp%2Fv2%2Fmedia&parent=25608"}],"wp:term":[{"taxonomy":"product_brand","embeddable":true,"href":"https:\/\/www.hanger-tools.com\/index.php?rest_route=%2Fwp%2Fv2%2Fproduct_brand&post=25608"},{"taxonomy":"product_cat","embeddable":true,"href":"https:\/\/www.hanger-tools.com\/index.php?rest_route=%2Fwp%2Fv2%2Fproduct_cat&post=25608"},{"taxonomy":"product_tag","embeddable":true,"href":"https:\/\/www.hanger-tools.com\/index.php?rest_route=%2Fwp%2Fv2%2Fproduct_tag&post=25608"}],"curies":[{"name":"wp","href":"https:\/\/api.w.org\/{rel}","templated":true}]}}