{"id":25374,"date":"2025-10-28T09:17:21","date_gmt":"2025-10-28T09:17:21","guid":{"rendered":"https:\/\/www.hanger-tools.com\/?product=pack-de-2-lames-de-scie-sabre-mm22524bi-pour-metal-225-mm-hanger-150305-2"},"modified":"2025-10-31T08:21:14","modified_gmt":"2025-10-31T08:21:14","slug":"pack-de-2-lames-de-scie-sabre-mm22524bi-pour-metal-225-mm-hanger-150305-2","status":"publish","type":"product","link":"https:\/\/www.hanger-tools.com\/?product=pack-de-2-lames-de-scie-sabre-mm22524bi-pour-metal-225-mm-hanger-150305-2","title":{"rendered":"Pack de 2 lames de scie sabre MM22524Bi pour m\u00e9tal 225 mm HANGER 150305"},"content":{"rendered":"<p>Le pack de 2 lames de scie sabre Hanger MM22524Bi est con\u00e7u pour assurer des coupes droites et fines dans les mat\u00e9riaux m\u00e9talliques. Gr\u00e2ce \u00e0 une structure bi-m\u00e9tal, ces lames offrent une r\u00e9sistance m\u00e9canique adapt\u00e9e aux sollicitations r\u00e9p\u00e9t\u00e9es. Cette conception permet de limiter l&rsquo;usure pr\u00e9matur\u00e9e et garantit une tenue efficace lors des d\u00e9coupes intensives.<\/p>\n<p>Dot\u00e9es d&rsquo;une denture frais\u00e9e, ces lames assurent une progression ma\u00eetris\u00e9e dans le mat\u00e9riau. Ce profil sp\u00e9cifique favorise une \u00e9vacuation rapide des copeaux, r\u00e9duisant ainsi les vibrations et les efforts n\u00e9cessaires lors de la coupe. Con\u00e7ues pour la d\u00e9coupe de tuyaux m\u00e9talliques et de profil\u00e9s \u00e0 parois minces (ouverts et ferm\u00e9s), elles garantissent des r\u00e9sultats nets et r\u00e9guliers jusqu&rsquo;\u00e0 une \u00e9paisseur de 175 mm.<\/p>\n<p>Gr\u00e2ce \u00e0 leur syst\u00e8me d&#8217;emmanchement universel, ces lames peuvent \u00eatre utilis\u00e9es avec la plupart des mod\u00e8les de scies sabres du march\u00e9. Cette fixation assure une installation rapide et un maintien fiable, facilitant ainsi la r\u00e9alisation des d\u00e9coupes. Avec une longueur de 225 mm, ces lames permettent d&rsquo;aborder des travaux vari\u00e9s n\u00e9cessitant pr\u00e9cision et efficacit\u00e9.<\/p>\n<p>\u00a0<\/p>\n<h3>Caract\u00e9ristiques techniques\u00a0:<\/h3>\n<ul>\n<li>Mati\u00e8re\u00a0: bi-m\u00e9tal<\/li>\n<li>Type de denture\u00a0: frais\u00e9e<\/li>\n<li>Conditionnement\u00a0: carte de 2 lames<\/li>\n<li>Longueur\u00a0: 225 mm<\/li>\n<\/ul>\n<p>\u00a0<\/p>\n<h3>Capacit\u00e9 de coupe\u00a0:<\/h3>\n<ul>\n<li>Tuyaux et profil\u00e9s \u00e0 parois minces (ouverts et ferm\u00e9s) : < 175 mm<\/li>\n<\/ul>\n","protected":false},"excerpt":{"rendered":"<p>nan<\/p>\n","protected":false},"featured_media":25373,"template":"","meta":{"_acf_changed":false,"_et_pb_use_builder":"","_et_pb_old_content":"","_et_gb_content_width":"","_cloudinary_featured_overwrite":false},"product_brand":[],"product_cat":[15,4441,4442],"product_tag":[4066],"class_list":{"0":"post-25374","1":"product","2":"type-product","3":"status-publish","4":"has-post-thumbnail","6":"product_cat-produits","7":"product_cat-consommables","8":"product_cat-lames","9":"product_tag-hanger","11":"first","12":"instock","13":"shipping-taxable","14":"purchasable","15":"product-type-simple"},"acf":[],"amp_enabled":false,"_links":{"self":[{"href":"https:\/\/www.hanger-tools.com\/index.php?rest_route=\/wp\/v2\/product\/25374","targetHints":{"allow":["GET"]}}],"collection":[{"href":"https:\/\/www.hanger-tools.com\/index.php?rest_route=\/wp\/v2\/product"}],"about":[{"href":"https:\/\/www.hanger-tools.com\/index.php?rest_route=\/wp\/v2\/types\/product"}],"wp:featuredmedia":[{"embeddable":true,"href":"https:\/\/www.hanger-tools.com\/index.php?rest_route=\/wp\/v2\/media\/25373"}],"wp:attachment":[{"href":"https:\/\/www.hanger-tools.com\/index.php?rest_route=%2Fwp%2Fv2%2Fmedia&parent=25374"}],"wp:term":[{"taxonomy":"product_brand","embeddable":true,"href":"https:\/\/www.hanger-tools.com\/index.php?rest_route=%2Fwp%2Fv2%2Fproduct_brand&post=25374"},{"taxonomy":"product_cat","embeddable":true,"href":"https:\/\/www.hanger-tools.com\/index.php?rest_route=%2Fwp%2Fv2%2Fproduct_cat&post=25374"},{"taxonomy":"product_tag","embeddable":true,"href":"https:\/\/www.hanger-tools.com\/index.php?rest_route=%2Fwp%2Fv2%2Fproduct_tag&post=25374"}],"curies":[{"name":"wp","href":"https:\/\/api.w.org\/{rel}","templated":true}]}}