{"id":25368,"date":"2025-10-28T09:17:05","date_gmt":"2025-10-28T09:17:05","guid":{"rendered":"https:\/\/www.hanger-tools.com\/?product=pack-de-2-lames-de-scie-sabre-lbm300vbi-pour-bois-et-metal-300-mm-hanger-150303-2"},"modified":"2025-10-31T08:21:16","modified_gmt":"2025-10-31T08:21:16","slug":"pack-de-2-lames-de-scie-sabre-lbm300vbi-pour-bois-et-metal-300-mm-hanger-150303-2","status":"publish","type":"product","link":"https:\/\/www.hanger-tools.com\/?product=pack-de-2-lames-de-scie-sabre-lbm300vbi-pour-bois-et-metal-300-mm-hanger-150303-2","title":{"rendered":"Pack de 2 lames de scie sabre LBM300VBi pour bois et m\u00e9tal 300 mm HANGER 150303"},"content":{"rendered":"<p>Le pack de 2 lames de scie sabre Hanger LBM300VBi est con\u00e7u pour r\u00e9aliser des coupes droites et fines sur le bois et le m\u00e9tal. Compos\u00e9es d&rsquo;un alliage bi-m\u00e9tal, ces lames offrent une r\u00e9sistance adapt\u00e9e aux sollicitations m\u00e9caniques tout en limitant l&rsquo;usure pr\u00e9matur\u00e9e. Ce mat\u00e9riau permet \u00e9galement de travailler sur des pi\u00e8ces m\u00e9talliques sans risque d&rsquo;alt\u00e9ration rapide de la denture.<\/p>\n<p>Gr\u00e2ce \u00e0 une denture \u00e0 pas variable frais\u00e9e, ces lames assurent une progression r\u00e9guli\u00e8re et ma\u00eetris\u00e9e dans le mat\u00e9riau. Cette conception permet d&rsquo;obtenir une coupe nette et rapide sur des \u00e9l\u00e9ments tels que les t\u00f4les (3 \u00e0 10 mm), les bois avec clous, les tubes, les profil\u00e9s et les plastiques renforc\u00e9s jusqu&rsquo;\u00e0 175 mm d&rsquo;\u00e9paisseur.<\/p>\n<p>Dot\u00e9es d&rsquo;un syst\u00e8me d&#8217;emmanchement universel, ces lames s&rsquo;adaptent \u00e0 la plupart des mod\u00e8les de scies sabres. Cette fixation garantit un maintien stable et facilite l&rsquo;installation sur l&rsquo;outil. Leur longueur de 300 mm permet d&rsquo;aborder des d\u00e9coupes sur des mat\u00e9riaux vari\u00e9s, r\u00e9pondant aux besoins des travaux de bricolage et de r\u00e9novation.<\/p>\n<p>\u00a0<\/p>\n<h3>Caract\u00e9ristiques techniques\u00a0:<\/h3>\n<ul>\n<li>Mati\u00e8re\u00a0: bi-m\u00e9tal<\/li>\n<li>Type de denture\u00a0: \u00e0 pas variable et frais\u00e9e<\/li>\n<li>Conditionnement\u00a0: carte de 2 lames<\/li>\n<li>Longueur\u00a0: 300 mm<\/li>\n<\/ul>\n<p>\u00a0<\/p>\n<h3>Capacit\u00e9 de coupe\u00a0:<\/h3>\n<ul>\n<li>T\u00f4le : 3 &#8211; 10 mm<\/li>\n<li>Bois avec clous \/ m\u00e9tal : < 175 mm<\/li>\n<li>Tubes et profil\u00e9s : < 175 mm<\/li>\n<li>Plastiques renforc\u00e9s fibre de verre \/ epoxy : < 175 mm<\/li>\n<\/ul>\n","protected":false},"excerpt":{"rendered":"<p>nan<\/p>\n","protected":false},"featured_media":25367,"template":"","meta":{"_acf_changed":false,"_et_pb_use_builder":"","_et_pb_old_content":"","_et_gb_content_width":"","_cloudinary_featured_overwrite":false},"product_brand":[],"product_cat":[15,4441,4442],"product_tag":[4066],"class_list":{"0":"post-25368","1":"product","2":"type-product","3":"status-publish","4":"has-post-thumbnail","6":"product_cat-produits","7":"product_cat-consommables","8":"product_cat-lames","9":"product_tag-hanger","11":"first","12":"instock","13":"shipping-taxable","14":"purchasable","15":"product-type-simple"},"acf":[],"amp_enabled":false,"_links":{"self":[{"href":"https:\/\/www.hanger-tools.com\/index.php?rest_route=\/wp\/v2\/product\/25368","targetHints":{"allow":["GET"]}}],"collection":[{"href":"https:\/\/www.hanger-tools.com\/index.php?rest_route=\/wp\/v2\/product"}],"about":[{"href":"https:\/\/www.hanger-tools.com\/index.php?rest_route=\/wp\/v2\/types\/product"}],"wp:featuredmedia":[{"embeddable":true,"href":"https:\/\/www.hanger-tools.com\/index.php?rest_route=\/wp\/v2\/media\/25367"}],"wp:attachment":[{"href":"https:\/\/www.hanger-tools.com\/index.php?rest_route=%2Fwp%2Fv2%2Fmedia&parent=25368"}],"wp:term":[{"taxonomy":"product_brand","embeddable":true,"href":"https:\/\/www.hanger-tools.com\/index.php?rest_route=%2Fwp%2Fv2%2Fproduct_brand&post=25368"},{"taxonomy":"product_cat","embeddable":true,"href":"https:\/\/www.hanger-tools.com\/index.php?rest_route=%2Fwp%2Fv2%2Fproduct_cat&post=25368"},{"taxonomy":"product_tag","embeddable":true,"href":"https:\/\/www.hanger-tools.com\/index.php?rest_route=%2Fwp%2Fv2%2Fproduct_tag&post=25368"}],"curies":[{"name":"wp","href":"https:\/\/api.w.org\/{rel}","templated":true}]}}