{"id":25350,"date":"2025-10-28T09:16:43","date_gmt":"2025-10-28T09:16:43","guid":{"rendered":"https:\/\/www.hanger-tools.com\/?product=lime-carree-emmanchee-demi-douce-longueur-200-mm-hanger-110318"},"modified":"2025-10-31T09:14:43","modified_gmt":"2025-10-31T09:14:43","slug":"lime-carree-emmanchee-demi-douce-longueur-200-mm-hanger-110318","status":"publish","type":"product","link":"https:\/\/www.hanger-tools.com\/?product=lime-carree-emmanchee-demi-douce-longueur-200-mm-hanger-110318","title":{"rendered":"Lime carr\u00e9e emmanch\u00e9e demi-douce longueur 200 mm HANGER 110318"},"content":{"rendered":"<p>La lime carr\u00e9e emmanch\u00e9e de la marque Hanger se distingue par sa poign\u00e9e bi-mati\u00e8re antid\u00e9rapante, assurant une prise en main confortable lors de la duplication de cl\u00e9s.<\/p>\n<p>Fabriqu\u00e9e en acier carbone de haute qualit\u00e9, la lime carr\u00e9e garantit une durabilit\u00e9 remarquable. Cette composition de premier choix assure une r\u00e9sistance accrue \u00e0 l&rsquo;usure, prolongeant ainsi la dur\u00e9e de vie de l&rsquo;outil.<\/p>\n<p>La forme carr\u00e9e de la lime facilite le travail pr\u00e9cis sur les cl\u00e9s, permettant des ajustements minutieux pour des reproductions parfaites.<\/p>\n","protected":false},"excerpt":{"rendered":"<p>nan<\/p>\n","protected":false},"featured_media":25349,"template":"","meta":{"_acf_changed":false,"_et_pb_use_builder":"","_et_pb_old_content":"","_et_gb_content_width":"","_cloudinary_featured_overwrite":false},"product_brand":[],"product_cat":[15,4451,4446,4447,4445],"product_tag":[4066],"class_list":{"0":"post-25350","1":"product","2":"type-product","3":"status-publish","4":"has-post-thumbnail","6":"product_cat-produits","7":"product_cat-cles","8":"product_cat-limes-et-rapes","9":"product_cat-outils-a-mains","10":"product_cat-outils-de-couoe","11":"product_tag-hanger","13":"first","14":"instock","15":"shipping-taxable","16":"purchasable","17":"product-type-simple"},"acf":[],"amp_enabled":false,"_links":{"self":[{"href":"https:\/\/www.hanger-tools.com\/index.php?rest_route=\/wp\/v2\/product\/25350","targetHints":{"allow":["GET"]}}],"collection":[{"href":"https:\/\/www.hanger-tools.com\/index.php?rest_route=\/wp\/v2\/product"}],"about":[{"href":"https:\/\/www.hanger-tools.com\/index.php?rest_route=\/wp\/v2\/types\/product"}],"wp:featuredmedia":[{"embeddable":true,"href":"https:\/\/www.hanger-tools.com\/index.php?rest_route=\/wp\/v2\/media\/25349"}],"wp:attachment":[{"href":"https:\/\/www.hanger-tools.com\/index.php?rest_route=%2Fwp%2Fv2%2Fmedia&parent=25350"}],"wp:term":[{"taxonomy":"product_brand","embeddable":true,"href":"https:\/\/www.hanger-tools.com\/index.php?rest_route=%2Fwp%2Fv2%2Fproduct_brand&post=25350"},{"taxonomy":"product_cat","embeddable":true,"href":"https:\/\/www.hanger-tools.com\/index.php?rest_route=%2Fwp%2Fv2%2Fproduct_cat&post=25350"},{"taxonomy":"product_tag","embeddable":true,"href":"https:\/\/www.hanger-tools.com\/index.php?rest_route=%2Fwp%2Fv2%2Fproduct_tag&post=25350"}],"curies":[{"name":"wp","href":"https:\/\/api.w.org\/{rel}","templated":true}]}}