{"id":25342,"date":"2025-10-28T09:16:35","date_gmt":"2025-10-28T09:16:35","guid":{"rendered":"https:\/\/www.hanger-tools.com\/?product=mandrin-st2-hexagonal-pour-trepans-hss-14-30-mm-hanger-150462"},"modified":"2025-10-29T09:30:32","modified_gmt":"2025-10-29T09:30:32","slug":"mandrin-st2-hexagonal-pour-trepans-hss-14-30-mm-hanger-150462","status":"publish","type":"product","link":"https:\/\/www.hanger-tools.com\/?product=mandrin-st2-hexagonal-pour-trepans-hss-14-30-mm-hanger-150462","title":{"rendered":"Mandrin ST2 hexagonal pour tr\u00e9pans HSS 14 &#8211; 30 mm HANGER 150462"},"content":{"rendered":"<p>Ce mandrin ST de la marque Hanger est \u00e9quip\u00e9 d&rsquo;un foret pilote HSS, facilitant ainsi le montage des tr\u00e9pans cobalt 8 %. Cette caract\u00e9ristique permet une installation rapide et s\u00e9curis\u00e9e des tr\u00e9pans, offrant ainsi une grande commodit\u00e9 lors des travaux.<\/p>\n<p>La conception soigneusement \u00e9tudi\u00e9e de ce mandrin garantit un bon centrage du foret pilote HSS et des tr\u00e9pans, assurant ainsi des d\u00e9coupes pr\u00e9cises et nettes \u00e0 chaque utilisation.<\/p>\n<p>Con\u00e7u avec des mat\u00e9riaux de haute qualit\u00e9, le mandrin est synonyme de durabilit\u00e9 et de fiabilit\u00e9. Ce mandrin est con\u00e7u pour r\u00e9sister \u00e0 une utilisation intensive.<\/p>\n<p>\u00a0<\/p>\n<p><b>Caract\u00e9ristiques techniques\u00a0:<\/b><\/p>\n<ul>\n<li>Pour tr\u00e9pan cobalt 8 %<\/li>\n<li>Foret : HSS<\/li>\n<li>Filetage : M16<\/li>\n<\/ul>\n","protected":false},"excerpt":{"rendered":"<p>nan<\/p>\n","protected":false},"featured_media":25341,"template":"","meta":{"_acf_changed":false,"_et_pb_use_builder":"","_et_pb_old_content":"","_et_gb_content_width":"","_cloudinary_featured_overwrite":false},"product_brand":[],"product_cat":[15],"product_tag":[4066],"class_list":{"0":"post-25342","1":"product","2":"type-product","3":"status-publish","4":"has-post-thumbnail","6":"product_cat-produits","7":"product_tag-hanger","9":"first","10":"instock","11":"shipping-taxable","12":"purchasable","13":"product-type-simple"},"acf":[],"amp_enabled":false,"_links":{"self":[{"href":"https:\/\/www.hanger-tools.com\/index.php?rest_route=\/wp\/v2\/product\/25342","targetHints":{"allow":["GET"]}}],"collection":[{"href":"https:\/\/www.hanger-tools.com\/index.php?rest_route=\/wp\/v2\/product"}],"about":[{"href":"https:\/\/www.hanger-tools.com\/index.php?rest_route=\/wp\/v2\/types\/product"}],"wp:featuredmedia":[{"embeddable":true,"href":"https:\/\/www.hanger-tools.com\/index.php?rest_route=\/wp\/v2\/media\/25341"}],"wp:attachment":[{"href":"https:\/\/www.hanger-tools.com\/index.php?rest_route=%2Fwp%2Fv2%2Fmedia&parent=25342"}],"wp:term":[{"taxonomy":"product_brand","embeddable":true,"href":"https:\/\/www.hanger-tools.com\/index.php?rest_route=%2Fwp%2Fv2%2Fproduct_brand&post=25342"},{"taxonomy":"product_cat","embeddable":true,"href":"https:\/\/www.hanger-tools.com\/index.php?rest_route=%2Fwp%2Fv2%2Fproduct_cat&post=25342"},{"taxonomy":"product_tag","embeddable":true,"href":"https:\/\/www.hanger-tools.com\/index.php?rest_route=%2Fwp%2Fv2%2Fproduct_tag&post=25342"}],"curies":[{"name":"wp","href":"https:\/\/api.w.org\/{rel}","templated":true}]}}