{"id":25301,"date":"2025-10-28T09:15:55","date_gmt":"2025-10-28T09:15:55","guid":{"rendered":"https:\/\/www.hanger-tools.com\/?product=foret-pilote-pour-mandrin-st1-hanger-150466-2"},"modified":"2025-10-29T09:30:07","modified_gmt":"2025-10-29T09:30:07","slug":"foret-pilote-pour-mandrin-st1-hanger-150466-2","status":"publish","type":"product","link":"https:\/\/www.hanger-tools.com\/?product=foret-pilote-pour-mandrin-st1-hanger-150466-2","title":{"rendered":"Foret pilote pour mandrin ST1 HANGER 150466"},"content":{"rendered":"<p>Ce foret pilote ST de la marque Hanger offre une grande polyvalence, s&rsquo;adaptant \u00e0 une vari\u00e9t\u00e9 de mandrins. Il permet ainsi de r\u00e9aliser une multitude de travaux de per\u00e7age.<\/p>\n<p>Fabriqu\u00e9 en acier HSS (acier rapide), le foret pilote assure une fiabilit\u00e9 \u00e0 toute \u00e9preuve. Cette mati\u00e8re de haute qualit\u00e9 offre une r\u00e9sistance sup\u00e9rieure \u00e0 l&rsquo;usure et une durabilit\u00e9 accrue, garantissant ainsi une performance optimale.<\/p>\n<p>\u00a0<\/p>\n<p><b>Caract\u00e9ristiques techniques\u00a0:<\/b><\/p>\n<ul>\n<li>Foret : HSS<\/li>\n<li>Diam\u00e8tre : 6,35 mm<\/li>\n<\/ul>\n","protected":false},"excerpt":{"rendered":"<p>nan<\/p>\n","protected":false},"featured_media":25300,"template":"","meta":{"_acf_changed":false,"_et_pb_use_builder":"","_et_pb_old_content":"","_et_gb_content_width":"","_cloudinary_featured_overwrite":false},"product_brand":[],"product_cat":[15],"product_tag":[4066],"class_list":{"0":"post-25301","1":"product","2":"type-product","3":"status-publish","4":"has-post-thumbnail","6":"product_cat-produits","7":"product_tag-hanger","9":"first","10":"instock","11":"shipping-taxable","12":"purchasable","13":"product-type-simple"},"acf":[],"amp_enabled":false,"_links":{"self":[{"href":"https:\/\/www.hanger-tools.com\/index.php?rest_route=\/wp\/v2\/product\/25301","targetHints":{"allow":["GET"]}}],"collection":[{"href":"https:\/\/www.hanger-tools.com\/index.php?rest_route=\/wp\/v2\/product"}],"about":[{"href":"https:\/\/www.hanger-tools.com\/index.php?rest_route=\/wp\/v2\/types\/product"}],"wp:featuredmedia":[{"embeddable":true,"href":"https:\/\/www.hanger-tools.com\/index.php?rest_route=\/wp\/v2\/media\/25300"}],"wp:attachment":[{"href":"https:\/\/www.hanger-tools.com\/index.php?rest_route=%2Fwp%2Fv2%2Fmedia&parent=25301"}],"wp:term":[{"taxonomy":"product_brand","embeddable":true,"href":"https:\/\/www.hanger-tools.com\/index.php?rest_route=%2Fwp%2Fv2%2Fproduct_brand&post=25301"},{"taxonomy":"product_cat","embeddable":true,"href":"https:\/\/www.hanger-tools.com\/index.php?rest_route=%2Fwp%2Fv2%2Fproduct_cat&post=25301"},{"taxonomy":"product_tag","embeddable":true,"href":"https:\/\/www.hanger-tools.com\/index.php?rest_route=%2Fwp%2Fv2%2Fproduct_tag&post=25301"}],"curies":[{"name":"wp","href":"https:\/\/api.w.org\/{rel}","templated":true}]}}