{"id":25180,"date":"2025-10-28T09:12:30","date_gmt":"2025-10-28T09:12:30","guid":{"rendered":"https:\/\/www.hanger-tools.com\/?product=sac-cuir-graine-noir-a-sep-2"},"modified":"2025-10-31T09:34:37","modified_gmt":"2025-10-31T09:34:37","slug":"sac-cuir-graine-noir-a-sep-2","status":"publish","type":"product","link":"https:\/\/www.hanger-tools.com\/?product=sac-cuir-graine-noir-a-sep-2","title":{"rendered":"SAC CUIR GRAINE NOIR A\/SEP"},"content":{"rendered":"<p>Valise en cro\u00fbte de cuir grain\u00e9e noire avec poign\u00e9e.<br \/>\n&#8211; Equip\u00e9e d&rsquo;une poche fourre tout.<br \/>\n&#8211; 1 s\u00e9paration plateau porte outils.<br \/>\n&#8211; 1 abattant porte outils.<br \/>\n&#8211; Dimensions : 41 x 28 x 15 cm.<\/p>\n","protected":false},"excerpt":{"rendered":"<p>nan<\/p>\n","protected":false},"featured_media":25179,"template":"","meta":{"_acf_changed":false,"_et_pb_use_builder":"","_et_pb_old_content":"","_et_gb_content_width":"","_cloudinary_featured_overwrite":false},"product_brand":[],"product_cat":[15,4460,4466],"product_tag":[4066],"class_list":{"0":"post-25180","1":"product","2":"type-product","3":"status-publish","4":"has-post-thumbnail","6":"product_cat-produits","7":"product_cat-accessoire","8":"product_cat-rangement-transport","9":"product_tag-hanger","11":"first","12":"outofstock","13":"shipping-taxable","14":"purchasable","15":"product-type-simple"},"acf":[],"amp_enabled":false,"_links":{"self":[{"href":"https:\/\/www.hanger-tools.com\/index.php?rest_route=\/wp\/v2\/product\/25180","targetHints":{"allow":["GET"]}}],"collection":[{"href":"https:\/\/www.hanger-tools.com\/index.php?rest_route=\/wp\/v2\/product"}],"about":[{"href":"https:\/\/www.hanger-tools.com\/index.php?rest_route=\/wp\/v2\/types\/product"}],"wp:featuredmedia":[{"embeddable":true,"href":"https:\/\/www.hanger-tools.com\/index.php?rest_route=\/wp\/v2\/media\/25179"}],"wp:attachment":[{"href":"https:\/\/www.hanger-tools.com\/index.php?rest_route=%2Fwp%2Fv2%2Fmedia&parent=25180"}],"wp:term":[{"taxonomy":"product_brand","embeddable":true,"href":"https:\/\/www.hanger-tools.com\/index.php?rest_route=%2Fwp%2Fv2%2Fproduct_brand&post=25180"},{"taxonomy":"product_cat","embeddable":true,"href":"https:\/\/www.hanger-tools.com\/index.php?rest_route=%2Fwp%2Fv2%2Fproduct_cat&post=25180"},{"taxonomy":"product_tag","embeddable":true,"href":"https:\/\/www.hanger-tools.com\/index.php?rest_route=%2Fwp%2Fv2%2Fproduct_tag&post=25180"}],"curies":[{"name":"wp","href":"https:\/\/api.w.org\/{rel}","templated":true}]}}