{"id":25161,"date":"2025-10-28T09:12:00","date_gmt":"2025-10-28T09:12:00","guid":{"rendered":"https:\/\/www.hanger-tools.com\/?product=niveau-trapezoidal-magnetique-400-mm-mtl40-hanger-100111"},"modified":"2025-10-31T09:22:35","modified_gmt":"2025-10-31T09:22:35","slug":"niveau-trapezoidal-magnetique-400-mm-mtl40-hanger-100111","status":"publish","type":"product","link":"https:\/\/www.hanger-tools.com\/?product=niveau-trapezoidal-magnetique-400-mm-mtl40-hanger-100111","title":{"rendered":"Niveau trap\u00e9zo\u00efdal magn\u00e9tique 400 mm MTL40 HANGER 100111"},"content":{"rendered":"<p>Le niveau \u00e0 bulles trap\u00e9zo\u00efdal Hanger dispose d&rsquo;une bulle verticale et d&rsquo;une bulle horizontale. Gr\u00e2ce \u00e0 son corps en alliage d&rsquo;aluminium, le niveau \u00e0 bulles Hanger est tr\u00e8s l\u00e9ger. De plus, l&rsquo;utilisateur pourra accrocher ce niveau \u00e0 bulles partout gr\u00e2ce aux trous se trouvant \u00e0 chaque extr\u00eamit\u00e9.<\/p>\n<p>\u00a0<\/p>\n<h3>Caract\u00e9ristiques techniques :<\/h3>\n<ul>\n<li>Pr\u00e9cision +\/-1 mm au m\u00e8tre<\/li>\n<li>Comprend 1 fiole horizontale et verticale<\/li>\n<li>Zone de frappe<\/li>\n<li>Semelle usin\u00e9e magn\u00e9tique<\/li>\n<\/ul>\n","protected":false},"excerpt":{"rendered":"<p>nan<\/p>\n","protected":false},"featured_media":25160,"template":"","meta":{"_acf_changed":false,"_et_pb_use_builder":"","_et_pb_old_content":"","_et_gb_content_width":"","_cloudinary_featured_overwrite":false},"product_brand":[],"product_cat":[15,4454,4455],"product_tag":[4066],"class_list":{"0":"post-25161","1":"product","2":"type-product","3":"status-publish","4":"has-post-thumbnail","6":"product_cat-produits","7":"product_cat-mesure-tracage","8":"product_cat-niveaux","9":"product_tag-hanger","11":"first","12":"instock","13":"shipping-taxable","14":"purchasable","15":"product-type-simple"},"acf":[],"amp_enabled":false,"_links":{"self":[{"href":"https:\/\/www.hanger-tools.com\/index.php?rest_route=\/wp\/v2\/product\/25161","targetHints":{"allow":["GET"]}}],"collection":[{"href":"https:\/\/www.hanger-tools.com\/index.php?rest_route=\/wp\/v2\/product"}],"about":[{"href":"https:\/\/www.hanger-tools.com\/index.php?rest_route=\/wp\/v2\/types\/product"}],"wp:featuredmedia":[{"embeddable":true,"href":"https:\/\/www.hanger-tools.com\/index.php?rest_route=\/wp\/v2\/media\/25160"}],"wp:attachment":[{"href":"https:\/\/www.hanger-tools.com\/index.php?rest_route=%2Fwp%2Fv2%2Fmedia&parent=25161"}],"wp:term":[{"taxonomy":"product_brand","embeddable":true,"href":"https:\/\/www.hanger-tools.com\/index.php?rest_route=%2Fwp%2Fv2%2Fproduct_brand&post=25161"},{"taxonomy":"product_cat","embeddable":true,"href":"https:\/\/www.hanger-tools.com\/index.php?rest_route=%2Fwp%2Fv2%2Fproduct_cat&post=25161"},{"taxonomy":"product_tag","embeddable":true,"href":"https:\/\/www.hanger-tools.com\/index.php?rest_route=%2Fwp%2Fv2%2Fproduct_tag&post=25161"}],"curies":[{"name":"wp","href":"https:\/\/api.w.org\/{rel}","templated":true}]}}