{"id":25159,"date":"2025-10-28T09:11:58","date_gmt":"2025-10-28T09:11:58","guid":{"rendered":"https:\/\/www.hanger-tools.com\/?product=niveau-trapezoidal-600-mm-tl60-hanger-100123"},"modified":"2025-10-31T09:22:36","modified_gmt":"2025-10-31T09:22:36","slug":"niveau-trapezoidal-600-mm-tl60-hanger-100123","status":"publish","type":"product","link":"https:\/\/www.hanger-tools.com\/?product=niveau-trapezoidal-600-mm-tl60-hanger-100123","title":{"rendered":"Niveau trap\u00e9zo\u00efdal 600 mm TL60 HANGER 100123"},"content":{"rendered":"<p>Le niveau \u00e0 bulles trap\u00e9zo\u00efdal de la marque Hanger associe praticit\u00e9 et robustesse gr\u00e2ce \u00e0 son corps en alliage d&rsquo;aluminium, offrant une l\u00e9g\u00e8ret\u00e9 optimale pour un usage quotidien. Dot\u00e9 d&rsquo;une fiole verticale et d&rsquo;une fiole horizontale, il permet un contr\u00f4le pr\u00e9cis des alignements. Ses extr\u00e9mit\u00e9s munies de trous facilitent la suspension et le transport, tandis que la zone de frappe et la semelle usin\u00e9e assurent une efficacit\u00e9 accrue sur les chantiers.<\/p>\n<p>\u00a0<\/p>\n<h3>Caract\u00e9ristiques techniques :<\/h3>\n<ul>\n<li>Pr\u00e9cision +\/-1 mm au m\u00e8tre<\/li>\n<li>Comprend 1 fiole horizontale et verticale<\/li>\n<li>Zone de frappe<\/li>\n<li>Semelle usin\u00e9e<\/li>\n<\/ul>\n","protected":false},"excerpt":{"rendered":"<p>nan<\/p>\n","protected":false},"featured_media":25158,"template":"","meta":{"_acf_changed":false,"_et_pb_use_builder":"","_et_pb_old_content":"","_et_gb_content_width":"","_cloudinary_featured_overwrite":false},"product_brand":[],"product_cat":[15,4454,4455],"product_tag":[4066],"class_list":{"0":"post-25159","1":"product","2":"type-product","3":"status-publish","4":"has-post-thumbnail","6":"product_cat-produits","7":"product_cat-mesure-tracage","8":"product_cat-niveaux","9":"product_tag-hanger","11":"first","12":"instock","13":"shipping-taxable","14":"purchasable","15":"product-type-simple"},"acf":[],"amp_enabled":false,"_links":{"self":[{"href":"https:\/\/www.hanger-tools.com\/index.php?rest_route=\/wp\/v2\/product\/25159","targetHints":{"allow":["GET"]}}],"collection":[{"href":"https:\/\/www.hanger-tools.com\/index.php?rest_route=\/wp\/v2\/product"}],"about":[{"href":"https:\/\/www.hanger-tools.com\/index.php?rest_route=\/wp\/v2\/types\/product"}],"wp:featuredmedia":[{"embeddable":true,"href":"https:\/\/www.hanger-tools.com\/index.php?rest_route=\/wp\/v2\/media\/25158"}],"wp:attachment":[{"href":"https:\/\/www.hanger-tools.com\/index.php?rest_route=%2Fwp%2Fv2%2Fmedia&parent=25159"}],"wp:term":[{"taxonomy":"product_brand","embeddable":true,"href":"https:\/\/www.hanger-tools.com\/index.php?rest_route=%2Fwp%2Fv2%2Fproduct_brand&post=25159"},{"taxonomy":"product_cat","embeddable":true,"href":"https:\/\/www.hanger-tools.com\/index.php?rest_route=%2Fwp%2Fv2%2Fproduct_cat&post=25159"},{"taxonomy":"product_tag","embeddable":true,"href":"https:\/\/www.hanger-tools.com\/index.php?rest_route=%2Fwp%2Fv2%2Fproduct_tag&post=25159"}],"curies":[{"name":"wp","href":"https:\/\/api.w.org\/{rel}","templated":true}]}}