{"id":25147,"date":"2025-10-28T09:11:47","date_gmt":"2025-10-28T09:11:47","guid":{"rendered":"https:\/\/www.hanger-tools.com\/?product=tournevis-cruciforme-isole-ph2-210-mm-hanger-132002"},"modified":"2025-10-31T08:50:30","modified_gmt":"2025-10-31T08:50:30","slug":"tournevis-cruciforme-isole-ph2-210-mm-hanger-132002","status":"publish","type":"product","link":"https:\/\/www.hanger-tools.com\/?product=tournevis-cruciforme-isole-ph2-210-mm-hanger-132002","title":{"rendered":"Tournevis cruciforme isol\u00e9 PH2 210 mm HANGER 132002"},"content":{"rendered":"<p>Ce tournevis isol\u00e9 1000 V cruciforme PH de la marque Hanger garantit une s\u00e9curit\u00e9 optimale lors des travaux \u00e9lectriques.<\/p>\n<p>Il permet de travailler en toute confiance, m\u00eame dans des environnements \u00e9lectriquement charg\u00e9s.<\/p>\n<p>\u00a0<\/p>\n<p><b>Caract\u00e9ristiques techniques :<\/b><\/p>\n<ul>\n<li>Mat\u00e9riau de la lame : acier<\/li>\n<li>Type d&#8217;empreinte\u00a0: PH isol\u00e9<\/li>\n<li>Type de manche\u00a0: gain\u00e9 1000 V<\/li>\n<li>Norme : IEC60900<\/li>\n<\/ul>\n","protected":false},"excerpt":{"rendered":"<p>nan<\/p>\n","protected":false},"featured_media":25145,"template":"","meta":{"_acf_changed":false,"_et_pb_use_builder":"","_et_pb_old_content":"","_et_gb_content_width":"","_cloudinary_featured_overwrite":false},"product_brand":[],"product_cat":[15,4447,4448],"product_tag":[4066],"class_list":{"0":"post-25147","1":"product","2":"type-product","3":"status-publish","4":"has-post-thumbnail","6":"product_cat-produits","7":"product_cat-outils-a-mains","8":"product_cat-tournevis","9":"product_tag-hanger","11":"first","12":"instock","13":"shipping-taxable","14":"purchasable","15":"product-type-simple"},"acf":[],"amp_enabled":false,"_links":{"self":[{"href":"https:\/\/www.hanger-tools.com\/index.php?rest_route=\/wp\/v2\/product\/25147","targetHints":{"allow":["GET"]}}],"collection":[{"href":"https:\/\/www.hanger-tools.com\/index.php?rest_route=\/wp\/v2\/product"}],"about":[{"href":"https:\/\/www.hanger-tools.com\/index.php?rest_route=\/wp\/v2\/types\/product"}],"wp:featuredmedia":[{"embeddable":true,"href":"https:\/\/www.hanger-tools.com\/index.php?rest_route=\/wp\/v2\/media\/25145"}],"wp:attachment":[{"href":"https:\/\/www.hanger-tools.com\/index.php?rest_route=%2Fwp%2Fv2%2Fmedia&parent=25147"}],"wp:term":[{"taxonomy":"product_brand","embeddable":true,"href":"https:\/\/www.hanger-tools.com\/index.php?rest_route=%2Fwp%2Fv2%2Fproduct_brand&post=25147"},{"taxonomy":"product_cat","embeddable":true,"href":"https:\/\/www.hanger-tools.com\/index.php?rest_route=%2Fwp%2Fv2%2Fproduct_cat&post=25147"},{"taxonomy":"product_tag","embeddable":true,"href":"https:\/\/www.hanger-tools.com\/index.php?rest_route=%2Fwp%2Fv2%2Fproduct_tag&post=25147"}],"curies":[{"name":"wp","href":"https:\/\/api.w.org\/{rel}","templated":true}]}}