{"id":25141,"date":"2025-10-28T09:11:40","date_gmt":"2025-10-28T09:11:40","guid":{"rendered":"https:\/\/www.hanger-tools.com\/?product=telemetre-laser-lm-50-hanger-190003-2"},"modified":"2025-10-31T09:23:39","modified_gmt":"2025-10-31T09:23:39","slug":"telemetre-laser-lm-50-hanger-190003-2","status":"publish","type":"product","link":"https:\/\/www.hanger-tools.com\/?product=telemetre-laser-lm-50-hanger-190003-2","title":{"rendered":"T\u00e9l\u00e9m\u00e8tre laser LM 50 HANGER 190003"},"content":{"rendered":"<p>Le t\u00e9l\u00e9m\u00e8tre laser de la marque Hanger est un outil polyvalent dot\u00e9 de multiples fonctions de calcul, offrant une solution pratique pour toutes vos mesures. Avec sa port\u00e9e allant jusqu&rsquo;\u00e0 50 m de distance, il permet de mesurer rapidement et pr\u00e9cis\u00e9ment une vari\u00e9t\u00e9 de distances sans avoir besoin de plusieurs appareils.<\/p>\n<p>\u00a0<\/p>\n<p><b>Caract\u00e9ristiques techniques\u00a0:<\/b><\/p>\n<ul>\n<li>Mesures simples et continues<\/li>\n<li>Mesures indirectes par th\u00e9or\u00e8me de Pythagore<\/li>\n<li>Calcul des surfaces et des volumes<\/li>\n<li>Mesures par niveau \u00e0 bulle int\u00e9gr\u00e9<\/li>\n<li>M\u00e9morisation des 30 derni\u00e8res valeurs mesur\u00e9es<\/li>\n<li>Prise de mesure \u00e0 retardement par minuterie<\/li>\n<li>Fonctionne avec piles AAA (3&#215;1,5 V) fournies dans la boite<\/li>\n<li>Laser classe II<\/li>\n<\/ul>\n","protected":false},"excerpt":{"rendered":"<p>nan<\/p>\n","protected":false},"featured_media":25140,"template":"","meta":{"_acf_changed":false,"_et_pb_use_builder":"","_et_pb_old_content":"","_et_gb_content_width":"","_cloudinary_featured_overwrite":false},"product_brand":[],"product_cat":[15,4454,4455,4457],"product_tag":[4066],"class_list":{"0":"post-25141","1":"product","2":"type-product","3":"status-publish","4":"has-post-thumbnail","6":"product_cat-produits","7":"product_cat-mesure-tracage","8":"product_cat-niveaux","9":"product_cat-telemetres","10":"product_tag-hanger","12":"first","13":"instock","14":"shipping-taxable","15":"purchasable","16":"product-type-simple"},"acf":[],"amp_enabled":false,"_links":{"self":[{"href":"https:\/\/www.hanger-tools.com\/index.php?rest_route=\/wp\/v2\/product\/25141","targetHints":{"allow":["GET"]}}],"collection":[{"href":"https:\/\/www.hanger-tools.com\/index.php?rest_route=\/wp\/v2\/product"}],"about":[{"href":"https:\/\/www.hanger-tools.com\/index.php?rest_route=\/wp\/v2\/types\/product"}],"wp:featuredmedia":[{"embeddable":true,"href":"https:\/\/www.hanger-tools.com\/index.php?rest_route=\/wp\/v2\/media\/25140"}],"wp:attachment":[{"href":"https:\/\/www.hanger-tools.com\/index.php?rest_route=%2Fwp%2Fv2%2Fmedia&parent=25141"}],"wp:term":[{"taxonomy":"product_brand","embeddable":true,"href":"https:\/\/www.hanger-tools.com\/index.php?rest_route=%2Fwp%2Fv2%2Fproduct_brand&post=25141"},{"taxonomy":"product_cat","embeddable":true,"href":"https:\/\/www.hanger-tools.com\/index.php?rest_route=%2Fwp%2Fv2%2Fproduct_cat&post=25141"},{"taxonomy":"product_tag","embeddable":true,"href":"https:\/\/www.hanger-tools.com\/index.php?rest_route=%2Fwp%2Fv2%2Fproduct_tag&post=25141"}],"curies":[{"name":"wp","href":"https:\/\/api.w.org\/{rel}","templated":true}]}}