{"id":25139,"date":"2025-10-28T09:11:38","date_gmt":"2025-10-28T09:11:38","guid":{"rendered":"https:\/\/www.hanger-tools.com\/?product=telemetre-hanger-lmt-30-digital-2"},"modified":"2025-10-31T09:23:39","modified_gmt":"2025-10-31T09:23:39","slug":"telemetre-hanger-lmt-30-digital-2","status":"publish","type":"product","link":"https:\/\/www.hanger-tools.com\/?product=telemetre-hanger-lmt-30-digital-2","title":{"rendered":"T\u00e9l\u00e9m\u00e8tre Hanger LMT 30 digital"},"content":{"rendered":"<p>Mesure de distances et d&rsquo;inclinaison. Ecran tactile, tr\u00e8s simple d&rsquo;utilisation. Jusqu&rsquo;\u00e0 6000 mesures possibles par dur\u00e9e de vie des piles. Prise de mesure maximale de 30 m. IP54, ce qui permet une utilisation en toute confiance sur les chantiers. Fonctionne avec piles AAA (2&#215;1,5 V). CE \/\/ ROHS.<\/p>\n<p><strong>Livr\u00e9 avec :<\/strong><br \/>2 piles AAA 1,5 V.<br \/>Notice d&rsquo;utilisation.<\/p>\n","protected":false},"excerpt":{"rendered":"<p>Format de poche.<\/p>\n","protected":false},"featured_media":25138,"template":"","meta":{"_acf_changed":false,"_et_pb_use_builder":"","_et_pb_old_content":"","_et_gb_content_width":"","_cloudinary_featured_overwrite":false},"product_brand":[],"product_cat":[15,4454,4457],"product_tag":[4066],"class_list":{"0":"post-25139","1":"product","2":"type-product","3":"status-publish","4":"has-post-thumbnail","6":"product_cat-produits","7":"product_cat-mesure-tracage","8":"product_cat-telemetres","9":"product_tag-hanger","11":"first","12":"outofstock","13":"shipping-taxable","14":"purchasable","15":"product-type-simple"},"acf":[],"amp_enabled":false,"_links":{"self":[{"href":"https:\/\/www.hanger-tools.com\/index.php?rest_route=\/wp\/v2\/product\/25139","targetHints":{"allow":["GET"]}}],"collection":[{"href":"https:\/\/www.hanger-tools.com\/index.php?rest_route=\/wp\/v2\/product"}],"about":[{"href":"https:\/\/www.hanger-tools.com\/index.php?rest_route=\/wp\/v2\/types\/product"}],"wp:featuredmedia":[{"embeddable":true,"href":"https:\/\/www.hanger-tools.com\/index.php?rest_route=\/wp\/v2\/media\/25138"}],"wp:attachment":[{"href":"https:\/\/www.hanger-tools.com\/index.php?rest_route=%2Fwp%2Fv2%2Fmedia&parent=25139"}],"wp:term":[{"taxonomy":"product_brand","embeddable":true,"href":"https:\/\/www.hanger-tools.com\/index.php?rest_route=%2Fwp%2Fv2%2Fproduct_brand&post=25139"},{"taxonomy":"product_cat","embeddable":true,"href":"https:\/\/www.hanger-tools.com\/index.php?rest_route=%2Fwp%2Fv2%2Fproduct_cat&post=25139"},{"taxonomy":"product_tag","embeddable":true,"href":"https:\/\/www.hanger-tools.com\/index.php?rest_route=%2Fwp%2Fv2%2Fproduct_tag&post=25139"}],"curies":[{"name":"wp","href":"https:\/\/api.w.org\/{rel}","templated":true}]}}