{"id":25137,"date":"2025-10-28T09:11:32","date_gmt":"2025-10-28T09:11:32","guid":{"rendered":"https:\/\/www.hanger-tools.com\/?product=telemetre-lm-120-camera-hanger-190010-2"},"modified":"2025-10-31T09:23:40","modified_gmt":"2025-10-31T09:23:40","slug":"telemetre-lm-120-camera-hanger-190010-2","status":"publish","type":"product","link":"https:\/\/www.hanger-tools.com\/?product=telemetre-lm-120-camera-hanger-190010-2","title":{"rendered":"T\u00e9l\u00e9m\u00e8tre LM 120 cam\u00e9ra HANGER 190010"},"content":{"rendered":"<p>Cet appareil est dot\u00e9 de la fonction cam\u00e9ra pour une meilleure utilisation sur une longue distance. Ce t\u00e9l\u00e9m\u00e8tre permet d&rsquo;effectuer des mesures de distances et d&rsquo;inclinaison. Cam\u00e9ra ultra rapide, 3 000 000 pixels. Ecran LCD TFT 2,4\u00a0\u00bb \u00e0 haute r\u00e9solution. Gr\u00e2ce \u00e0 sa bonne m\u00e9moire, vous pourrez garder les 100 derni\u00e8res valeurs mesur\u00e9es.<\/p>\n<p><strong>Caract\u00e9ristiques techniques :<br \/><\/strong><\/p>\n<ul>\n<li>Prise de mesure maximale : 120 m<\/li>\n<li>Ecran : LCD TFT 2,4\u00a0\u00bb \u00e0 haute r\u00e9solution<\/li>\n<li>Indice de protection : IP54<\/li>\n<li>Alimentation : 3*AAA<\/li>\n<\/ul>\n","protected":false},"excerpt":{"rendered":"<p>nan<\/p>\n","protected":false},"featured_media":25136,"template":"","meta":{"_acf_changed":false,"_et_pb_use_builder":"","_et_pb_old_content":"","_et_gb_content_width":"","_cloudinary_featured_overwrite":false},"product_brand":[],"product_cat":[15,4454,4457],"product_tag":[4066],"class_list":{"0":"post-25137","1":"product","2":"type-product","3":"status-publish","4":"has-post-thumbnail","6":"product_cat-produits","7":"product_cat-mesure-tracage","8":"product_cat-telemetres","9":"product_tag-hanger","11":"first","12":"instock","13":"shipping-taxable","14":"purchasable","15":"product-type-simple"},"acf":[],"amp_enabled":false,"_links":{"self":[{"href":"https:\/\/www.hanger-tools.com\/index.php?rest_route=\/wp\/v2\/product\/25137","targetHints":{"allow":["GET"]}}],"collection":[{"href":"https:\/\/www.hanger-tools.com\/index.php?rest_route=\/wp\/v2\/product"}],"about":[{"href":"https:\/\/www.hanger-tools.com\/index.php?rest_route=\/wp\/v2\/types\/product"}],"wp:featuredmedia":[{"embeddable":true,"href":"https:\/\/www.hanger-tools.com\/index.php?rest_route=\/wp\/v2\/media\/25136"}],"wp:attachment":[{"href":"https:\/\/www.hanger-tools.com\/index.php?rest_route=%2Fwp%2Fv2%2Fmedia&parent=25137"}],"wp:term":[{"taxonomy":"product_brand","embeddable":true,"href":"https:\/\/www.hanger-tools.com\/index.php?rest_route=%2Fwp%2Fv2%2Fproduct_brand&post=25137"},{"taxonomy":"product_cat","embeddable":true,"href":"https:\/\/www.hanger-tools.com\/index.php?rest_route=%2Fwp%2Fv2%2Fproduct_cat&post=25137"},{"taxonomy":"product_tag","embeddable":true,"href":"https:\/\/www.hanger-tools.com\/index.php?rest_route=%2Fwp%2Fv2%2Fproduct_tag&post=25137"}],"curies":[{"name":"wp","href":"https:\/\/api.w.org\/{rel}","templated":true}]}}