{"id":25135,"date":"2025-10-28T09:11:29","date_gmt":"2025-10-28T09:11:29","guid":{"rendered":"https:\/\/www.hanger-tools.com\/?product=telemetre-laser-lm-30-hanger-190001-2"},"modified":"2025-10-31T09:23:40","modified_gmt":"2025-10-31T09:23:40","slug":"telemetre-laser-lm-30-hanger-190001-2","status":"publish","type":"product","link":"https:\/\/www.hanger-tools.com\/?product=telemetre-laser-lm-30-hanger-190001-2","title":{"rendered":"T\u00e9l\u00e9m\u00e8tre laser LM 30 &#8211; HANGER &#8211; 190001"},"content":{"rendered":"<p>Ce t\u00e9l\u00e9m\u00e8tre laser LM30 de la marque Hanger vous propose jusqu&rsquo;\u00e0 6000 mesures possibles par dur\u00e9e de vie des piles. Gr\u00e2ce \u00e0 son format de poche, vous pourrez l&#8217;emmener facilement partout avec vous. De plus, son indice de protection IP54 pour permet d&rsquo;effectuer vos mesures de distances et d&rsquo;inclinaison en toute confiance sur vos chantiers. Mesurez ce dont vous avez besoin facilement jusqu&rsquo;\u00e0 30 m\u00e8tres gr\u00e2ce \u00e0 ce t\u00e9l\u00e9m\u00e8tre laser. Fonctionne avec piles AAA (2&#215;1,5 V).<\/p>\n<p><strong>Mesures :<br \/><\/strong><\/p>\n<ul>\n<li>Simples<\/li>\n<li>Volume<\/li>\n<li>Superficie<\/li>\n<li>Indirectes<\/li>\n<\/ul>\n","protected":false},"excerpt":{"rendered":"<p>Emmenez-le partout avec vous gr\u00e2ce \u00e0 son format de poche !<\/p>\n","protected":false},"featured_media":25134,"template":"","meta":{"_acf_changed":false,"_et_pb_use_builder":"","_et_pb_old_content":"","_et_gb_content_width":"","_cloudinary_featured_overwrite":false},"product_brand":[],"product_cat":[15,4454,4457],"product_tag":[4066],"class_list":{"0":"post-25135","1":"product","2":"type-product","3":"status-publish","4":"has-post-thumbnail","6":"product_cat-produits","7":"product_cat-mesure-tracage","8":"product_cat-telemetres","9":"product_tag-hanger","11":"first","12":"instock","13":"shipping-taxable","14":"purchasable","15":"product-type-simple"},"acf":[],"amp_enabled":false,"_links":{"self":[{"href":"https:\/\/www.hanger-tools.com\/index.php?rest_route=\/wp\/v2\/product\/25135","targetHints":{"allow":["GET"]}}],"collection":[{"href":"https:\/\/www.hanger-tools.com\/index.php?rest_route=\/wp\/v2\/product"}],"about":[{"href":"https:\/\/www.hanger-tools.com\/index.php?rest_route=\/wp\/v2\/types\/product"}],"wp:featuredmedia":[{"embeddable":true,"href":"https:\/\/www.hanger-tools.com\/index.php?rest_route=\/wp\/v2\/media\/25134"}],"wp:attachment":[{"href":"https:\/\/www.hanger-tools.com\/index.php?rest_route=%2Fwp%2Fv2%2Fmedia&parent=25135"}],"wp:term":[{"taxonomy":"product_brand","embeddable":true,"href":"https:\/\/www.hanger-tools.com\/index.php?rest_route=%2Fwp%2Fv2%2Fproduct_brand&post=25135"},{"taxonomy":"product_cat","embeddable":true,"href":"https:\/\/www.hanger-tools.com\/index.php?rest_route=%2Fwp%2Fv2%2Fproduct_cat&post=25135"},{"taxonomy":"product_tag","embeddable":true,"href":"https:\/\/www.hanger-tools.com\/index.php?rest_route=%2Fwp%2Fv2%2Fproduct_tag&post=25135"}],"curies":[{"name":"wp","href":"https:\/\/api.w.org\/{rel}","templated":true}]}}