{"id":24991,"date":"2025-10-28T09:07:39","date_gmt":"2025-10-28T09:07:39","guid":{"rendered":"https:\/\/www.hanger-tools.com\/?product=mallette-de-maintenance-professionnels-121-outils-hanger-251009"},"modified":"2025-10-29T09:26:57","modified_gmt":"2025-10-29T09:26:57","slug":"mallette-de-maintenance-professionnels-121-outils-hanger-251009","status":"publish","type":"product","link":"https:\/\/www.hanger-tools.com\/?product=mallette-de-maintenance-professionnels-121-outils-hanger-251009","title":{"rendered":"Mallette de maintenance professionnels 121 outils HANGER 251009"},"content":{"rendered":"<p>Cette mallette \u00e0 outils de la marque Hanger vous propose l&rsquo;essentiel des outils dont vous aurez besoin au quotidien. Gr\u00e2ce \u00e0 son insert en mousse EVA et ses plateaux, vous pouvez ranger en un clin d&rsquo;oeil vos outils \u00e0 leur emplacement. Hanger garantit la qualit\u00e9 et la durabilit\u00e9 de ses outils en choisissant principalement du Chrome Vanadium.<\/p>\n<p><strong>Caract\u00e9ristiques techniques :<\/strong><\/p>\n<ul>\n<li>Dimensions : 48 x 39,5 x 18,5 cm<\/li>\n<li>Valise en aluminium<\/li>\n<li>Outils principalement en Chrome Vanadium<\/li>\n<\/ul>\n","protected":false},"excerpt":{"rendered":"<p>L&rsquo;outillage indispensable au quotidien<\/p>\n","protected":false},"featured_media":24990,"template":"","meta":{"_acf_changed":false,"_et_pb_use_builder":"","_et_pb_old_content":"","_et_gb_content_width":"","_cloudinary_featured_overwrite":false},"product_brand":[],"product_cat":[15],"product_tag":[4066],"class_list":{"0":"post-24991","1":"product","2":"type-product","3":"status-publish","4":"has-post-thumbnail","6":"product_cat-produits","7":"product_tag-hanger","9":"first","10":"instock","11":"shipping-taxable","12":"purchasable","13":"product-type-simple"},"acf":[],"amp_enabled":false,"_links":{"self":[{"href":"https:\/\/www.hanger-tools.com\/index.php?rest_route=\/wp\/v2\/product\/24991","targetHints":{"allow":["GET"]}}],"collection":[{"href":"https:\/\/www.hanger-tools.com\/index.php?rest_route=\/wp\/v2\/product"}],"about":[{"href":"https:\/\/www.hanger-tools.com\/index.php?rest_route=\/wp\/v2\/types\/product"}],"wp:featuredmedia":[{"embeddable":true,"href":"https:\/\/www.hanger-tools.com\/index.php?rest_route=\/wp\/v2\/media\/24990"}],"wp:attachment":[{"href":"https:\/\/www.hanger-tools.com\/index.php?rest_route=%2Fwp%2Fv2%2Fmedia&parent=24991"}],"wp:term":[{"taxonomy":"product_brand","embeddable":true,"href":"https:\/\/www.hanger-tools.com\/index.php?rest_route=%2Fwp%2Fv2%2Fproduct_brand&post=24991"},{"taxonomy":"product_cat","embeddable":true,"href":"https:\/\/www.hanger-tools.com\/index.php?rest_route=%2Fwp%2Fv2%2Fproduct_cat&post=24991"},{"taxonomy":"product_tag","embeddable":true,"href":"https:\/\/www.hanger-tools.com\/index.php?rest_route=%2Fwp%2Fv2%2Fproduct_tag&post=24991"}],"curies":[{"name":"wp","href":"https:\/\/api.w.org\/{rel}","templated":true}]}}