{"id":24966,"date":"2025-10-28T09:06:50","date_gmt":"2025-10-28T09:06:50","guid":{"rendered":"https:\/\/www.hanger-tools.com\/?product=composition-maintenance-sac-22-outils"},"modified":"2025-10-29T09:26:50","modified_gmt":"2025-10-29T09:26:50","slug":"composition-maintenance-sac-22-outils","status":"publish","type":"product","link":"https:\/\/www.hanger-tools.com\/?product=composition-maintenance-sac-22-outils","title":{"rendered":"Composition maintenance sac + 22 outils"},"content":{"rendered":"<p>Pack sac \u00e0 outils \u00e0 roulettes 45L avec 22 outils sp\u00e9cial maintenance.<br \/>Ce pack contient l&rsquo;outillage essentiel pour les travaux de maintenance.<br \/>Le tout dans un sac \u00e0 outils avec roulette pour faciliter le transport et avoir tout votre outillage \u00e0 port\u00e9e de main !<\/p>\n","protected":false},"excerpt":{"rendered":"<p>nan<\/p>\n","protected":false},"featured_media":24965,"template":"","meta":{"_acf_changed":false,"_et_pb_use_builder":"","_et_pb_old_content":"","_et_gb_content_width":"","_cloudinary_featured_overwrite":false},"product_brand":[],"product_cat":[15],"product_tag":[4066],"class_list":{"0":"post-24966","1":"product","2":"type-product","3":"status-publish","4":"has-post-thumbnail","6":"product_cat-produits","7":"product_tag-hanger","9":"first","10":"outofstock","11":"shipping-taxable","12":"purchasable","13":"product-type-simple"},"acf":[],"amp_enabled":false,"_links":{"self":[{"href":"https:\/\/www.hanger-tools.com\/index.php?rest_route=\/wp\/v2\/product\/24966","targetHints":{"allow":["GET"]}}],"collection":[{"href":"https:\/\/www.hanger-tools.com\/index.php?rest_route=\/wp\/v2\/product"}],"about":[{"href":"https:\/\/www.hanger-tools.com\/index.php?rest_route=\/wp\/v2\/types\/product"}],"wp:featuredmedia":[{"embeddable":true,"href":"https:\/\/www.hanger-tools.com\/index.php?rest_route=\/wp\/v2\/media\/24965"}],"wp:attachment":[{"href":"https:\/\/www.hanger-tools.com\/index.php?rest_route=%2Fwp%2Fv2%2Fmedia&parent=24966"}],"wp:term":[{"taxonomy":"product_brand","embeddable":true,"href":"https:\/\/www.hanger-tools.com\/index.php?rest_route=%2Fwp%2Fv2%2Fproduct_brand&post=24966"},{"taxonomy":"product_cat","embeddable":true,"href":"https:\/\/www.hanger-tools.com\/index.php?rest_route=%2Fwp%2Fv2%2Fproduct_cat&post=24966"},{"taxonomy":"product_tag","embeddable":true,"href":"https:\/\/www.hanger-tools.com\/index.php?rest_route=%2Fwp%2Fv2%2Fproduct_tag&post=24966"}],"curies":[{"name":"wp","href":"https:\/\/api.w.org\/{rel}","templated":true}]}}