{"id":24964,"date":"2025-10-28T09:06:47","date_gmt":"2025-10-28T09:06:47","guid":{"rendered":"https:\/\/www.hanger-tools.com\/?product=composition-plombier-sac-24-outils-2"},"modified":"2025-10-29T09:26:47","modified_gmt":"2025-10-29T09:26:47","slug":"composition-plombier-sac-24-outils-2","status":"publish","type":"product","link":"https:\/\/www.hanger-tools.com\/?product=composition-plombier-sac-24-outils-2","title":{"rendered":"Composition plombier sac + 24 outils"},"content":{"rendered":"<p>Pack sac \u00e0 outils textile 18L avec 24 outils sp\u00e9cial plombier<br \/>Ce pack contient l&rsquo;outillage essentiel pour les travaux de plomberie:<br \/>&#8211; assortiment de\u00a0 coupe tube<br \/>&#8211; lot de tournevis<br \/>&#8211; assortiment de cl\u00e9 \u00e0 molette, cl\u00e9 serre tube, cl\u00e9 su\u00e9doise et cl\u00e9 \u00e0 pipe d\u00e9bouch\u00e9e<br \/>&#8211; niveau et m\u00e8tre<br \/>Le tout dans un sac \u00e0 outils textile 18L pour ranger et transporter votre outillage \u00e0 main !<\/p>\n","protected":false},"excerpt":{"rendered":"<p>nan<\/p>\n","protected":false},"featured_media":24963,"template":"","meta":{"_acf_changed":false,"_et_pb_use_builder":"","_et_pb_old_content":"","_et_gb_content_width":"","_cloudinary_featured_overwrite":false},"product_brand":[],"product_cat":[15],"product_tag":[4066],"class_list":{"0":"post-24964","1":"product","2":"type-product","3":"status-publish","4":"has-post-thumbnail","6":"product_cat-produits","7":"product_tag-hanger","9":"first","10":"instock","11":"shipping-taxable","12":"purchasable","13":"product-type-simple"},"acf":[],"amp_enabled":false,"_links":{"self":[{"href":"https:\/\/www.hanger-tools.com\/index.php?rest_route=\/wp\/v2\/product\/24964","targetHints":{"allow":["GET"]}}],"collection":[{"href":"https:\/\/www.hanger-tools.com\/index.php?rest_route=\/wp\/v2\/product"}],"about":[{"href":"https:\/\/www.hanger-tools.com\/index.php?rest_route=\/wp\/v2\/types\/product"}],"wp:featuredmedia":[{"embeddable":true,"href":"https:\/\/www.hanger-tools.com\/index.php?rest_route=\/wp\/v2\/media\/24963"}],"wp:attachment":[{"href":"https:\/\/www.hanger-tools.com\/index.php?rest_route=%2Fwp%2Fv2%2Fmedia&parent=24964"}],"wp:term":[{"taxonomy":"product_brand","embeddable":true,"href":"https:\/\/www.hanger-tools.com\/index.php?rest_route=%2Fwp%2Fv2%2Fproduct_brand&post=24964"},{"taxonomy":"product_cat","embeddable":true,"href":"https:\/\/www.hanger-tools.com\/index.php?rest_route=%2Fwp%2Fv2%2Fproduct_cat&post=24964"},{"taxonomy":"product_tag","embeddable":true,"href":"https:\/\/www.hanger-tools.com\/index.php?rest_route=%2Fwp%2Fv2%2Fproduct_tag&post=24964"}],"curies":[{"name":"wp","href":"https:\/\/api.w.org\/{rel}","templated":true}]}}