{"id":24960,"date":"2025-10-28T09:06:41","date_gmt":"2025-10-28T09:06:41","guid":{"rendered":"https:\/\/www.hanger-tools.com\/?product=pistolet-scellement-chimique-12-resines-hybrides-410-ml-2"},"modified":"2025-10-29T09:26:47","modified_gmt":"2025-10-29T09:26:47","slug":"pistolet-scellement-chimique-12-resines-hybrides-410-ml-2","status":"publish","type":"product","link":"https:\/\/www.hanger-tools.com\/?product=pistolet-scellement-chimique-12-resines-hybrides-410-ml-2","title":{"rendered":"Pistolet scellement chimique + 12 r\u00e9sines hybrides 410 ml"},"content":{"rendered":"<p>Ce kit est id\u00e9al pour vos r\u00e9alisation de scellement chimique et de fixation dans les mat\u00e9riaux support. Il comprend un pistolet manuel Hanger robuste et tr\u00e8s l\u00e9ger de par son corps en alliage de magn\u00e9sium, 12 r\u00e9sines Ultiflex 410 ml (au choix ton b\u00e9ton ou ton pierre) et 1 boite de 6 canules pour les cartouches de r\u00e9sine.<\/p>\n<p><strong>Caract\u00e9ristiques techniques du pistolet :<br \/><\/strong><\/p>\n<ul>\n<li>Mati\u00e8re : alliage de magn\u00e9sium<\/li>\n<li>Capacit\u00e9 cartouche : 380 ml et 410 ml<\/li>\n<\/ul>\n<p><strong>Caract\u00e9ristiques techniques des r\u00e9sines :<br \/><\/strong><\/p>\n<ul>\n<li>R\u00e9servoir cylindrique contenant les composants A et B d&rsquo;un mortier de r\u00e9sine hybride et d&rsquo;un durcisseur<\/li>\n<li>Composant A : r\u00e9sine hybride<\/li>\n<li>Composant B : durcisseur + charge<\/li>\n<li>Extrusion par d\u00e9placement forc\u00e9 du fond de la cartouche<\/li>\n<li>Couleur au choix : ton b\u00e9ton ou ton pierre<\/li>\n<\/ul>\n","protected":false},"excerpt":{"rendered":"<p>nan<\/p>\n","protected":false},"featured_media":24959,"template":"","meta":{"_acf_changed":false,"_et_pb_use_builder":"","_et_pb_old_content":"","_et_gb_content_width":"","_cloudinary_featured_overwrite":false},"product_brand":[],"product_cat":[15],"product_tag":[4066],"class_list":{"0":"post-24960","1":"product","2":"type-product","3":"status-publish","4":"has-post-thumbnail","6":"product_cat-produits","7":"product_tag-hanger","9":"first","10":"instock","11":"shipping-taxable","12":"purchasable","13":"product-type-simple"},"acf":[],"amp_enabled":false,"_links":{"self":[{"href":"https:\/\/www.hanger-tools.com\/index.php?rest_route=\/wp\/v2\/product\/24960","targetHints":{"allow":["GET"]}}],"collection":[{"href":"https:\/\/www.hanger-tools.com\/index.php?rest_route=\/wp\/v2\/product"}],"about":[{"href":"https:\/\/www.hanger-tools.com\/index.php?rest_route=\/wp\/v2\/types\/product"}],"wp:featuredmedia":[{"embeddable":true,"href":"https:\/\/www.hanger-tools.com\/index.php?rest_route=\/wp\/v2\/media\/24959"}],"wp:attachment":[{"href":"https:\/\/www.hanger-tools.com\/index.php?rest_route=%2Fwp%2Fv2%2Fmedia&parent=24960"}],"wp:term":[{"taxonomy":"product_brand","embeddable":true,"href":"https:\/\/www.hanger-tools.com\/index.php?rest_route=%2Fwp%2Fv2%2Fproduct_brand&post=24960"},{"taxonomy":"product_cat","embeddable":true,"href":"https:\/\/www.hanger-tools.com\/index.php?rest_route=%2Fwp%2Fv2%2Fproduct_cat&post=24960"},{"taxonomy":"product_tag","embeddable":true,"href":"https:\/\/www.hanger-tools.com\/index.php?rest_route=%2Fwp%2Fv2%2Fproduct_tag&post=24960"}],"curies":[{"name":"wp","href":"https:\/\/api.w.org\/{rel}","templated":true}]}}