{"id":24958,"date":"2025-10-28T09:06:35","date_gmt":"2025-10-28T09:06:35","guid":{"rendered":"https:\/\/www.hanger-tools.com\/?product=treteau-pliant-charge-lourde-970-mm-hanger-tre970-2"},"modified":"2025-10-29T09:26:47","modified_gmt":"2025-10-29T09:26:47","slug":"treteau-pliant-charge-lourde-970-mm-hanger-tre970-2","status":"publish","type":"product","link":"https:\/\/www.hanger-tools.com\/?product=treteau-pliant-charge-lourde-970-mm-hanger-tre970-2","title":{"rendered":"Tr\u00e9teau pliant charge lourde 970 mm HANGER TRE970"},"content":{"rendered":"<p>Tr\u00e9teau en bois, capable de supporter jusque 2 tonnes par paire. Vendu \u00e0 l&rsquo;unit\u00e9.<\/p>\n<p> <b><\/b><\/p>\n<p><b>Caract\u00e9ristiques techniques :<\/b><\/p>\n<ul>\n<li>Pliant<\/li>\n<li>Assemblage : tenons et mortaises coll\u00e9s<\/li>\n<li>Articulation : compas en acier zingu\u00e9<\/li>\n<li>Angles chanfrein\u00e9s<\/li>\n<li>Charge maximale : 2 tonnes par paire<\/li>\n<li>Section : 40 x 70 mm<\/li>\n<li>Dimensions : 80 x 97 cm<\/li>\n<li>Poids : 7,77 kg<\/li>\n<\/ul>\n","protected":false},"excerpt":{"rendered":"<p>nan<\/p>\n","protected":false},"featured_media":24957,"template":"","meta":{"_acf_changed":false,"_et_pb_use_builder":"","_et_pb_old_content":"","_et_gb_content_width":"","_cloudinary_featured_overwrite":false},"product_brand":[],"product_cat":[15],"product_tag":[4066],"class_list":{"0":"post-24958","1":"product","2":"type-product","3":"status-publish","4":"has-post-thumbnail","6":"product_cat-produits","7":"product_tag-hanger","9":"first","10":"instock","11":"shipping-taxable","12":"purchasable","13":"product-type-simple"},"acf":[],"amp_enabled":false,"_links":{"self":[{"href":"https:\/\/www.hanger-tools.com\/index.php?rest_route=\/wp\/v2\/product\/24958","targetHints":{"allow":["GET"]}}],"collection":[{"href":"https:\/\/www.hanger-tools.com\/index.php?rest_route=\/wp\/v2\/product"}],"about":[{"href":"https:\/\/www.hanger-tools.com\/index.php?rest_route=\/wp\/v2\/types\/product"}],"wp:featuredmedia":[{"embeddable":true,"href":"https:\/\/www.hanger-tools.com\/index.php?rest_route=\/wp\/v2\/media\/24957"}],"wp:attachment":[{"href":"https:\/\/www.hanger-tools.com\/index.php?rest_route=%2Fwp%2Fv2%2Fmedia&parent=24958"}],"wp:term":[{"taxonomy":"product_brand","embeddable":true,"href":"https:\/\/www.hanger-tools.com\/index.php?rest_route=%2Fwp%2Fv2%2Fproduct_brand&post=24958"},{"taxonomy":"product_cat","embeddable":true,"href":"https:\/\/www.hanger-tools.com\/index.php?rest_route=%2Fwp%2Fv2%2Fproduct_cat&post=24958"},{"taxonomy":"product_tag","embeddable":true,"href":"https:\/\/www.hanger-tools.com\/index.php?rest_route=%2Fwp%2Fv2%2Fproduct_tag&post=24958"}],"curies":[{"name":"wp","href":"https:\/\/api.w.org\/{rel}","templated":true}]}}