{"id":24954,"date":"2025-10-28T09:06:17","date_gmt":"2025-10-28T09:06:17","guid":{"rendered":"https:\/\/www.hanger-tools.com\/?product=porte-outils-multi-poches-en-cuir-hanger-510014"},"modified":"2025-10-29T09:26:44","modified_gmt":"2025-10-29T09:26:44","slug":"porte-outils-multi-poches-en-cuir-hanger-510014","status":"publish","type":"product","link":"https:\/\/www.hanger-tools.com\/?product=porte-outils-multi-poches-en-cuir-hanger-510014","title":{"rendered":"Porte-outils multi-poches en cuir HANGER 510014"},"content":{"rendered":"<p>Ce porte-outils en cuir\u00a0en daim fendu de la marque Hanger garantit une grande robustesse gr\u00e2ce \u00e0 ses renforts de rivets robuste sur les points de tension. Ils disposent de multiples poches de rangement dont 4 assez large pour que l&rsquo;utilisateur puisse avoir un acc\u00e8s facile \u00e0 ses outils. De plus, son large passage permettra une bonne compatibilit\u00e9 avec la plupart des ceintures.<\/p>\n<p><strong>Caract\u00e9ristiques techniques :<br \/><\/strong><\/p>\n<ul>\n<li>4 poches de rangement pour les outils<\/li>\n<li>Accroche pour m\u00e8tre ruban<\/li>\n<li>Passage large pour aller avec la plupart des ceintures<\/li>\n<li>Renfort de rivet robuste sur les points de tension<\/li>\n<li>Cuir en daim fendu<\/li>\n<\/ul>\n","protected":false},"excerpt":{"rendered":"<p>nan<\/p>\n","protected":false},"featured_media":24953,"template":"","meta":{"_acf_changed":false,"_et_pb_use_builder":"","_et_pb_old_content":"","_et_gb_content_width":"","_cloudinary_featured_overwrite":false},"product_brand":[],"product_cat":[15],"product_tag":[4066],"class_list":{"0":"post-24954","1":"product","2":"type-product","3":"status-publish","4":"has-post-thumbnail","6":"product_cat-produits","7":"product_tag-hanger","9":"first","10":"instock","11":"shipping-taxable","12":"purchasable","13":"product-type-simple"},"acf":[],"amp_enabled":false,"_links":{"self":[{"href":"https:\/\/www.hanger-tools.com\/index.php?rest_route=\/wp\/v2\/product\/24954","targetHints":{"allow":["GET"]}}],"collection":[{"href":"https:\/\/www.hanger-tools.com\/index.php?rest_route=\/wp\/v2\/product"}],"about":[{"href":"https:\/\/www.hanger-tools.com\/index.php?rest_route=\/wp\/v2\/types\/product"}],"wp:featuredmedia":[{"embeddable":true,"href":"https:\/\/www.hanger-tools.com\/index.php?rest_route=\/wp\/v2\/media\/24953"}],"wp:attachment":[{"href":"https:\/\/www.hanger-tools.com\/index.php?rest_route=%2Fwp%2Fv2%2Fmedia&parent=24954"}],"wp:term":[{"taxonomy":"product_brand","embeddable":true,"href":"https:\/\/www.hanger-tools.com\/index.php?rest_route=%2Fwp%2Fv2%2Fproduct_brand&post=24954"},{"taxonomy":"product_cat","embeddable":true,"href":"https:\/\/www.hanger-tools.com\/index.php?rest_route=%2Fwp%2Fv2%2Fproduct_cat&post=24954"},{"taxonomy":"product_tag","embeddable":true,"href":"https:\/\/www.hanger-tools.com\/index.php?rest_route=%2Fwp%2Fv2%2Fproduct_tag&post=24954"}],"curies":[{"name":"wp","href":"https:\/\/api.w.org\/{rel}","templated":true}]}}