{"id":24948,"date":"2025-10-28T09:05:52","date_gmt":"2025-10-28T09:05:52","guid":{"rendered":"https:\/\/www.hanger-tools.com\/?product=porte-marteau-en-cuir-hanger-510015"},"modified":"2025-10-29T09:26:44","modified_gmt":"2025-10-29T09:26:44","slug":"porte-marteau-en-cuir-hanger-510015","status":"publish","type":"product","link":"https:\/\/www.hanger-tools.com\/?product=porte-marteau-en-cuir-hanger-510015","title":{"rendered":"Porte-marteau en cuir HANGER 510015"},"content":{"rendered":"<p>Ce porte-marteau de la marque Hanger se rajoutera facilement \u00e0 votre ceinture gr\u00e2ce \u00e0 son large passage qui lui permet de s&rsquo;adapter \u00e0 la plupart des ceintures. Le support est fabriqu\u00e9 en cuir en daim fendu.<\/p>\n<p><strong>Caract\u00e9ristiques techniques :<\/strong><\/p>\n<ul>\n<li>Support porte-marteau rivet\u00e9<\/li>\n<li>Passage large pour aller avec la plupart des ceintures<\/li>\n<li>Renfort de rivet robuste sur les points de tension<\/li>\n<li>Cuir en daim fendu<\/li>\n<\/ul>\n","protected":false},"excerpt":{"rendered":"<p>nan<\/p>\n","protected":false},"featured_media":24947,"template":"","meta":{"_acf_changed":false,"_et_pb_use_builder":"","_et_pb_old_content":"","_et_gb_content_width":"","_cloudinary_featured_overwrite":false},"product_brand":[],"product_cat":[15],"product_tag":[4066],"class_list":{"0":"post-24948","1":"product","2":"type-product","3":"status-publish","4":"has-post-thumbnail","6":"product_cat-produits","7":"product_tag-hanger","9":"first","10":"instock","11":"shipping-taxable","12":"purchasable","13":"product-type-simple"},"acf":[],"amp_enabled":false,"_links":{"self":[{"href":"https:\/\/www.hanger-tools.com\/index.php?rest_route=\/wp\/v2\/product\/24948","targetHints":{"allow":["GET"]}}],"collection":[{"href":"https:\/\/www.hanger-tools.com\/index.php?rest_route=\/wp\/v2\/product"}],"about":[{"href":"https:\/\/www.hanger-tools.com\/index.php?rest_route=\/wp\/v2\/types\/product"}],"wp:featuredmedia":[{"embeddable":true,"href":"https:\/\/www.hanger-tools.com\/index.php?rest_route=\/wp\/v2\/media\/24947"}],"wp:attachment":[{"href":"https:\/\/www.hanger-tools.com\/index.php?rest_route=%2Fwp%2Fv2%2Fmedia&parent=24948"}],"wp:term":[{"taxonomy":"product_brand","embeddable":true,"href":"https:\/\/www.hanger-tools.com\/index.php?rest_route=%2Fwp%2Fv2%2Fproduct_brand&post=24948"},{"taxonomy":"product_cat","embeddable":true,"href":"https:\/\/www.hanger-tools.com\/index.php?rest_route=%2Fwp%2Fv2%2Fproduct_cat&post=24948"},{"taxonomy":"product_tag","embeddable":true,"href":"https:\/\/www.hanger-tools.com\/index.php?rest_route=%2Fwp%2Fv2%2Fproduct_tag&post=24948"}],"curies":[{"name":"wp","href":"https:\/\/api.w.org\/{rel}","templated":true}]}}