{"id":24946,"date":"2025-10-28T09:05:35","date_gmt":"2025-10-28T09:05:35","guid":{"rendered":"https:\/\/www.hanger-tools.com\/?product=ceinture-porte-outils-en-cuir-hanger-510012"},"modified":"2025-10-29T09:26:43","modified_gmt":"2025-10-29T09:26:43","slug":"ceinture-porte-outils-en-cuir-hanger-510012","status":"publish","type":"product","link":"https:\/\/www.hanger-tools.com\/?product=ceinture-porte-outils-en-cuir-hanger-510012","title":{"rendered":"Ceinture porte-outils en cuir HANGER 510012"},"content":{"rendered":"<p>Cette ceinture porte-outils Hanger est fabriqu\u00e9e en cuir\u00a0en daim fendu pour plus de souplesse et de r\u00e9sistance. Gr\u00e2ce \u00e0 ses doubles coutures, la ceinture porte-outils Hanger en cuir vous offre une meilleure solidit\u00e9.<\/p>\n<p><strong>Caract\u00e9ritiques techniques :<\/strong><\/p>\n<ul>\n<li>Multiples poches pour ranger facilement les outils et y avoir un acc\u00e8s rapide<\/li>\n<li>1 crochet porte marteau<\/li>\n<li>Renfort de rivet robuste sur les points de tension<\/li>\n<li>Boucle m\u00e9tallique r\u00e9sistante<\/li>\n<li>Ceinture robuste et ajustable<\/li>\n<li>Cuir en daim fendu<\/li>\n<\/ul>\n","protected":false},"excerpt":{"rendered":"<p>nan<\/p>\n","protected":false},"featured_media":24945,"template":"","meta":{"_acf_changed":false,"_et_pb_use_builder":"","_et_pb_old_content":"","_et_gb_content_width":"","_cloudinary_featured_overwrite":false},"product_brand":[],"product_cat":[15],"product_tag":[4066],"class_list":{"0":"post-24946","1":"product","2":"type-product","3":"status-publish","4":"has-post-thumbnail","6":"product_cat-produits","7":"product_tag-hanger","9":"first","10":"instock","11":"shipping-taxable","12":"purchasable","13":"product-type-simple"},"acf":[],"amp_enabled":false,"_links":{"self":[{"href":"https:\/\/www.hanger-tools.com\/index.php?rest_route=\/wp\/v2\/product\/24946","targetHints":{"allow":["GET"]}}],"collection":[{"href":"https:\/\/www.hanger-tools.com\/index.php?rest_route=\/wp\/v2\/product"}],"about":[{"href":"https:\/\/www.hanger-tools.com\/index.php?rest_route=\/wp\/v2\/types\/product"}],"wp:featuredmedia":[{"embeddable":true,"href":"https:\/\/www.hanger-tools.com\/index.php?rest_route=\/wp\/v2\/media\/24945"}],"wp:attachment":[{"href":"https:\/\/www.hanger-tools.com\/index.php?rest_route=%2Fwp%2Fv2%2Fmedia&parent=24946"}],"wp:term":[{"taxonomy":"product_brand","embeddable":true,"href":"https:\/\/www.hanger-tools.com\/index.php?rest_route=%2Fwp%2Fv2%2Fproduct_brand&post=24946"},{"taxonomy":"product_cat","embeddable":true,"href":"https:\/\/www.hanger-tools.com\/index.php?rest_route=%2Fwp%2Fv2%2Fproduct_cat&post=24946"},{"taxonomy":"product_tag","embeddable":true,"href":"https:\/\/www.hanger-tools.com\/index.php?rest_route=%2Fwp%2Fv2%2Fproduct_tag&post=24946"}],"curies":[{"name":"wp","href":"https:\/\/api.w.org\/{rel}","templated":true}]}}