{"id":24919,"date":"2025-10-28T09:04:27","date_gmt":"2025-10-28T09:04:27","guid":{"rendered":"https:\/\/www.hanger-tools.com\/?product=metre-de-poche-2-m-x-13-mm-hanger-100020"},"modified":"2025-10-31T09:26:36","modified_gmt":"2025-10-31T09:26:36","slug":"metre-de-poche-2-m-x-13-mm-hanger-100020","status":"publish","type":"product","link":"https:\/\/www.hanger-tools.com\/?product=metre-de-poche-2-m-x-13-mm-hanger-100020","title":{"rendered":"M\u00e8tre de poche 2 m x 13 mm HANGER 100020"},"content":{"rendered":"<p>Le m\u00e8tre de la marque Hanger se distingue par son petit format pratique, id\u00e9al pour \u00eatre transport\u00e9 partout. \u00c9quip\u00e9 d&rsquo;un crochet simple l\u00e9g\u00e8rement coulissant, il permet une mesure pr\u00e9cise aussi bien en but\u00e9e qu&rsquo;en accroche. Son petit plus : l&rsquo;utilisateur pourra l&rsquo;accrocher o\u00f9 il le souhaite gr\u00e2ce \u00e0 sa cha\u00eenette porte-cl\u00e9s.<\/p>\n<p>\u00a0<\/p>\n<h3>Caract\u00e9ristiques techniques :<\/h3>\n<ul>\n<li>Bo\u00eetier : bi-mati\u00e8re<\/li>\n<li>Longueur du ruban : 2 m<\/li>\n<li>Largeur du ruban : 13 mm<\/li>\n<\/ul>\n","protected":false},"excerpt":{"rendered":"<p>nan<\/p>\n","protected":false},"featured_media":24918,"template":"","meta":{"_acf_changed":false,"_et_pb_use_builder":"","_et_pb_old_content":"","_et_gb_content_width":"","_cloudinary_featured_overwrite":false},"product_brand":[],"product_cat":[15,4451,4454,4458,4447],"product_tag":[4066],"class_list":{"0":"post-24919","1":"product","2":"type-product","3":"status-publish","4":"has-post-thumbnail","6":"product_cat-produits","7":"product_cat-cles","8":"product_cat-mesure-tracage","9":"product_cat-metres","10":"product_cat-outils-a-mains","11":"product_tag-hanger","13":"first","14":"instock","15":"shipping-taxable","16":"purchasable","17":"product-type-simple"},"acf":[],"amp_enabled":false,"_links":{"self":[{"href":"https:\/\/www.hanger-tools.com\/index.php?rest_route=\/wp\/v2\/product\/24919","targetHints":{"allow":["GET"]}}],"collection":[{"href":"https:\/\/www.hanger-tools.com\/index.php?rest_route=\/wp\/v2\/product"}],"about":[{"href":"https:\/\/www.hanger-tools.com\/index.php?rest_route=\/wp\/v2\/types\/product"}],"wp:featuredmedia":[{"embeddable":true,"href":"https:\/\/www.hanger-tools.com\/index.php?rest_route=\/wp\/v2\/media\/24918"}],"wp:attachment":[{"href":"https:\/\/www.hanger-tools.com\/index.php?rest_route=%2Fwp%2Fv2%2Fmedia&parent=24919"}],"wp:term":[{"taxonomy":"product_brand","embeddable":true,"href":"https:\/\/www.hanger-tools.com\/index.php?rest_route=%2Fwp%2Fv2%2Fproduct_brand&post=24919"},{"taxonomy":"product_cat","embeddable":true,"href":"https:\/\/www.hanger-tools.com\/index.php?rest_route=%2Fwp%2Fv2%2Fproduct_cat&post=24919"},{"taxonomy":"product_tag","embeddable":true,"href":"https:\/\/www.hanger-tools.com\/index.php?rest_route=%2Fwp%2Fv2%2Fproduct_tag&post=24919"}],"curies":[{"name":"wp","href":"https:\/\/api.w.org\/{rel}","templated":true}]}}