{"id":24878,"date":"2025-10-28T09:02:34","date_gmt":"2025-10-28T09:02:34","guid":{"rendered":"https:\/\/www.hanger-tools.com\/?product=multimetre-digital-hanger-md-61b"},"modified":"2025-10-29T09:26:15","modified_gmt":"2025-10-29T09:26:15","slug":"multimetre-digital-hanger-md-61b","status":"publish","type":"product","link":"https:\/\/www.hanger-tools.com\/?product=multimetre-digital-hanger-md-61b","title":{"rendered":"Multim\u00e8tre Digital Hanger MD 61B"},"content":{"rendered":"<p>Multim\u00e8tre digital num\u00e9rique professionnel multifonctions.<\/p>\n<p><strong>Caract\u00e9ristiques techniques :<\/strong><\/p>\n<ul>\n<li>Tension continue : 40 mV \u00e0 1000 V DC<\/li>\n<li>Tension alternative : 40 mV \u00e0 750 V AC<\/li>\n<li>Courant continu : 400 \u03bcA \u00e0 10 A DC<\/li>\n<li>Courant alternatif : 400 mA \u00e0 10 A AC<\/li>\n<li>R\u00e9sistance : 400 \u00e0 40 M\u03a9<\/li>\n<li>Capacitance : 40 nF \u00e0 4000 F<\/li>\n<li>Fr\u00e9quence : 10 Hz \u00e0 10M Hz<\/li>\n<li>Bande passante : 45 Hz \u00e0 400 Hz<\/li>\n<li>Temp\u00e9rature : -40 \u00e0 + 1000 \u00b0C<\/li>\n<li>Fonction test diodes et continuit\u00e9<\/li>\n<li>R\u00e9solution d&rsquo;affichage : 4 000 points<\/li>\n<li>Extinction automatique : 15 minutes<\/li>\n<li>Interface RS232<\/li>\n<li>Livr\u00e9 avec une pile 9 V 6LR61<\/li>\n<li>EN61010 CATIII &#8211; 1000V \/ CATIV &#8211; 600V<\/li>\n<\/ul>\n","protected":false},"excerpt":{"rendered":"<p>nan<\/p>\n","protected":false},"featured_media":24877,"template":"","meta":{"_acf_changed":false,"_et_pb_use_builder":"","_et_pb_old_content":"","_et_gb_content_width":"","_cloudinary_featured_overwrite":false},"product_brand":[],"product_cat":[15],"product_tag":[4066],"class_list":{"0":"post-24878","1":"product","2":"type-product","3":"status-publish","4":"has-post-thumbnail","6":"product_cat-produits","7":"product_tag-hanger","9":"first","10":"outofstock","11":"shipping-taxable","12":"purchasable","13":"product-type-simple"},"acf":[],"amp_enabled":false,"_links":{"self":[{"href":"https:\/\/www.hanger-tools.com\/index.php?rest_route=\/wp\/v2\/product\/24878","targetHints":{"allow":["GET"]}}],"collection":[{"href":"https:\/\/www.hanger-tools.com\/index.php?rest_route=\/wp\/v2\/product"}],"about":[{"href":"https:\/\/www.hanger-tools.com\/index.php?rest_route=\/wp\/v2\/types\/product"}],"wp:featuredmedia":[{"embeddable":true,"href":"https:\/\/www.hanger-tools.com\/index.php?rest_route=\/wp\/v2\/media\/24877"}],"wp:attachment":[{"href":"https:\/\/www.hanger-tools.com\/index.php?rest_route=%2Fwp%2Fv2%2Fmedia&parent=24878"}],"wp:term":[{"taxonomy":"product_brand","embeddable":true,"href":"https:\/\/www.hanger-tools.com\/index.php?rest_route=%2Fwp%2Fv2%2Fproduct_brand&post=24878"},{"taxonomy":"product_cat","embeddable":true,"href":"https:\/\/www.hanger-tools.com\/index.php?rest_route=%2Fwp%2Fv2%2Fproduct_cat&post=24878"},{"taxonomy":"product_tag","embeddable":true,"href":"https:\/\/www.hanger-tools.com\/index.php?rest_route=%2Fwp%2Fv2%2Fproduct_tag&post=24878"}],"curies":[{"name":"wp","href":"https:\/\/api.w.org\/{rel}","templated":true}]}}