{"id":24845,"date":"2025-10-28T09:01:07","date_gmt":"2025-10-28T09:01:07","guid":{"rendered":"https:\/\/www.hanger-tools.com\/?product=coupe-tube-cuivre-6-35-mm-hanger-120003-2"},"modified":"2025-10-29T09:25:56","modified_gmt":"2025-10-29T09:25:56","slug":"coupe-tube-cuivre-6-35-mm-hanger-120003-2","status":"publish","type":"product","link":"https:\/\/www.hanger-tools.com\/?product=coupe-tube-cuivre-6-35-mm-hanger-120003-2","title":{"rendered":"Coupe-tube cuivre 6-35 mm HANGER 120003"},"content":{"rendered":"<p>Ce coupe-tube cuivre de la marque Hanger est \u00e9quip\u00e9 de deux rouleaux \u00e0 gorge et d&rsquo;une molette qui vous garantit une coupe pr\u00e9cise et sans bavure. Le coupe-tube poss\u00e8de une molette de rechange dans la poign\u00e9e et d&rsquo;un \u00e9bavureur int\u00e9gr\u00e9 dans le corps.<\/p>\n<p><strong>Caract\u00e9ristiques techniques :<\/strong><\/p>\n<ul>\n<li>Mat\u00e9riaux \u00e0 couper : cuivre<\/li>\n<li>\u00c9paisseur maxi : 2 mm<\/li>\n<li>Deux rouleaux \u00e0 gorge<\/li>\n<li>\u00c9bavureur int\u00e9gr\u00e9<\/li>\n<\/ul>\n","protected":false},"excerpt":{"rendered":"<p>nan<\/p>\n","protected":false},"featured_media":24844,"template":"","meta":{"_acf_changed":false,"_et_pb_use_builder":"","_et_pb_old_content":"","_et_gb_content_width":"","_cloudinary_featured_overwrite":false},"product_brand":[],"product_cat":[15],"product_tag":[4066],"class_list":{"0":"post-24845","1":"product","2":"type-product","3":"status-publish","4":"has-post-thumbnail","6":"product_cat-produits","7":"product_tag-hanger","9":"first","10":"instock","11":"shipping-taxable","12":"purchasable","13":"product-type-simple"},"acf":[],"amp_enabled":false,"_links":{"self":[{"href":"https:\/\/www.hanger-tools.com\/index.php?rest_route=\/wp\/v2\/product\/24845","targetHints":{"allow":["GET"]}}],"collection":[{"href":"https:\/\/www.hanger-tools.com\/index.php?rest_route=\/wp\/v2\/product"}],"about":[{"href":"https:\/\/www.hanger-tools.com\/index.php?rest_route=\/wp\/v2\/types\/product"}],"wp:featuredmedia":[{"embeddable":true,"href":"https:\/\/www.hanger-tools.com\/index.php?rest_route=\/wp\/v2\/media\/24844"}],"wp:attachment":[{"href":"https:\/\/www.hanger-tools.com\/index.php?rest_route=%2Fwp%2Fv2%2Fmedia&parent=24845"}],"wp:term":[{"taxonomy":"product_brand","embeddable":true,"href":"https:\/\/www.hanger-tools.com\/index.php?rest_route=%2Fwp%2Fv2%2Fproduct_brand&post=24845"},{"taxonomy":"product_cat","embeddable":true,"href":"https:\/\/www.hanger-tools.com\/index.php?rest_route=%2Fwp%2Fv2%2Fproduct_cat&post=24845"},{"taxonomy":"product_tag","embeddable":true,"href":"https:\/\/www.hanger-tools.com\/index.php?rest_route=%2Fwp%2Fv2%2Fproduct_tag&post=24845"}],"curies":[{"name":"wp","href":"https:\/\/api.w.org\/{rel}","templated":true}]}}