{"id":24758,"date":"2025-10-28T08:58:32","date_gmt":"2025-10-28T08:58:32","guid":{"rendered":"https:\/\/www.hanger-tools.com\/?product=detecteur-de-fuite-hanger-400-ml-hanger-700501"},"modified":"2025-10-29T09:25:30","modified_gmt":"2025-10-29T09:25:30","slug":"detecteur-de-fuite-hanger-400-ml-hanger-700501","status":"publish","type":"product","link":"https:\/\/www.hanger-tools.com\/?product=detecteur-de-fuite-hanger-400-ml-hanger-700501","title":{"rendered":"D\u00e9tecteur de fuite Hanger 400 ml HANGER 700501"},"content":{"rendered":"<p>Ce d\u00e9tecteur de fuite en a\u00e9rosol permet d&rsquo;identifier instantan\u00e9ment les pertes d&rsquo;\u00e9tanch\u00e9it\u00e9 sur de nombreux \u00e9quipements sous pression. La solution forme des bulles aux endroits o\u00f9 des fuites sont pr\u00e9sentes, facilitant ainsi le rep\u00e9rage sans instrumentation complexe. L&rsquo;a\u00e9rosol s&rsquo;applique sur les zones sensibles comme les raccords, les vannes, ou les soupapes.<\/p>\n<p>Pr\u00e9sent\u00e9e sous forme de solution aqueuse, la formule agit sans agresser les surfaces m\u00e9talliques ou les mat\u00e9riaux environnants. Son mode de diffusion en spray assure une couverture homog\u00e8ne et rapide, m\u00eame dans des zones peu accessibles. Le produit est non inflammable et con\u00e7u pour une utilisation en environnement industriel ou domestique.<\/p>\n<p>Ce d\u00e9tecteur peut \u00eatre utilis\u00e9 sur les circuits d&rsquo;alimentation de v\u00e9hicules \u00e0 gaz, sur les installations d&rsquo;air comprim\u00e9, ou encore sur les manom\u00e8tres de bouteilles. Il apporte une aide pr\u00e9cieuse lors des op\u00e9rations de maintenance ou de contr\u00f4le p\u00e9riodique. Il est toutefois d\u00e9conseill\u00e9 pour les installations contenant de l&rsquo;oxyg\u00e8ne, en raison de la composition de sa base active.<\/p>\n<p>\u00a0<\/p>\n<h3>Caract\u00e9ristiques techniques\u00a0:<\/h3>\n<ul>\n<li>Type de produit\u00a0: a\u00e9rosol<\/li>\n<li>Contenance\u00a0: 400 ml<\/li>\n<\/ul>\n<p>\u00a0<\/p>\n<h3>Mode d&#8217;emploi\u00a0:<\/h3>\n<ul>\n<li>Agiter vigoureusement l&rsquo;a\u00e9rosol avant l&rsquo;utilisation<\/li>\n<li>Vaporiser le spray sur les surfaces \u00e0 tester<\/li>\n<li>La fuite est caract\u00e9ris\u00e9e par la pr\u00e9sence de bulles<\/li>\n<li>Rincer \u00e0 l&rsquo;eau claire<\/li>\n<li>L&rsquo;a\u00e9rosol est utilisable dans les positions\u00a0: t\u00eate en haut et t\u00eate en bas<\/li>\n<\/ul>\n<p>\u00a0<\/p>\n<h3>Composition chimique\u00a0:<\/h3>\n<p>H229 \u2013 R\u00e9cipient sous pression\u00a0: peut \u00e9clater sous l&rsquo;effet de la chaleur<\/p>\n","protected":false},"excerpt":{"rendered":"<p>Un produit essentiel pour identifier rapidement les fuites au niveaux des tuyauteries.<\/p>\n","protected":false},"featured_media":24757,"template":"","meta":{"_acf_changed":false,"_et_pb_use_builder":"","_et_pb_old_content":"","_et_gb_content_width":"","_cloudinary_featured_overwrite":false},"product_brand":[],"product_cat":[15],"product_tag":[4066],"class_list":{"0":"post-24758","1":"product","2":"type-product","3":"status-publish","4":"has-post-thumbnail","6":"product_cat-produits","7":"product_tag-hanger","9":"first","10":"instock","11":"shipping-taxable","12":"purchasable","13":"product-type-simple"},"acf":[],"amp_enabled":false,"_links":{"self":[{"href":"https:\/\/www.hanger-tools.com\/index.php?rest_route=\/wp\/v2\/product\/24758","targetHints":{"allow":["GET"]}}],"collection":[{"href":"https:\/\/www.hanger-tools.com\/index.php?rest_route=\/wp\/v2\/product"}],"about":[{"href":"https:\/\/www.hanger-tools.com\/index.php?rest_route=\/wp\/v2\/types\/product"}],"wp:featuredmedia":[{"embeddable":true,"href":"https:\/\/www.hanger-tools.com\/index.php?rest_route=\/wp\/v2\/media\/24757"}],"wp:attachment":[{"href":"https:\/\/www.hanger-tools.com\/index.php?rest_route=%2Fwp%2Fv2%2Fmedia&parent=24758"}],"wp:term":[{"taxonomy":"product_brand","embeddable":true,"href":"https:\/\/www.hanger-tools.com\/index.php?rest_route=%2Fwp%2Fv2%2Fproduct_brand&post=24758"},{"taxonomy":"product_cat","embeddable":true,"href":"https:\/\/www.hanger-tools.com\/index.php?rest_route=%2Fwp%2Fv2%2Fproduct_cat&post=24758"},{"taxonomy":"product_tag","embeddable":true,"href":"https:\/\/www.hanger-tools.com\/index.php?rest_route=%2Fwp%2Fv2%2Fproduct_tag&post=24758"}],"curies":[{"name":"wp","href":"https:\/\/api.w.org\/{rel}","templated":true}]}}