{"id":24730,"date":"2025-10-28T08:57:27","date_gmt":"2025-10-28T08:57:27","guid":{"rendered":"https:\/\/www.hanger-tools.com\/?product=coffret-embouts-32-pieces-2"},"modified":"2025-10-29T09:25:15","modified_gmt":"2025-10-29T09:25:15","slug":"coffret-embouts-32-pieces-2","status":"publish","type":"product","link":"https:\/\/www.hanger-tools.com\/?product=coffret-embouts-32-pieces-2","title":{"rendered":"COFFRET EMBOUTS 32 PIECES"},"content":{"rendered":"<p>Coffret comprenant :<br \/>\n&#8211; 30 embouts S2 longueur 25 mm.<br \/>\n&#8211; 1 porte douille 1\/4\u00a0\u00bb.<br \/>\n&#8211; 1 porte embout magn\u00e9tique de longueur 60 mm.<br \/>\nBoite \u00e9quip\u00e9e d&rsquo;un clip ceinture.<\/p>\n<p>Contient :<br \/>\n&#8211; 4 plats 3-4-5-6 mm.<br \/>\n&#8211; 4 cruciformes PH n\u00b01-2-2-3.<br \/>\n&#8211; 4 cruciformes PZ n\u00b01-2-2-3.<br \/>\n&#8211; 7 \u00e9toiles TX n\u00b010-15-20-25-27-30-40.<br \/>\n&#8211; 7 \u00e9toiles per\u00e7\u00e9es TTX n\u00b010-15-20-25-27-30-40.<br \/>\n&#8211; 4 six pans 3-4-5-6 mm.<\/p>\n","protected":false},"excerpt":{"rendered":"<p>nan<\/p>\n","protected":false},"featured_media":24729,"template":"","meta":{"_acf_changed":false,"_et_pb_use_builder":"","_et_pb_old_content":"","_et_gb_content_width":"","_cloudinary_featured_overwrite":false},"product_brand":[],"product_cat":[15],"product_tag":[4066],"class_list":{"0":"post-24730","1":"product","2":"type-product","3":"status-publish","4":"has-post-thumbnail","6":"product_cat-produits","7":"product_tag-hanger","9":"first","10":"outofstock","11":"shipping-taxable","12":"purchasable","13":"product-type-simple"},"acf":[],"amp_enabled":false,"_links":{"self":[{"href":"https:\/\/www.hanger-tools.com\/index.php?rest_route=\/wp\/v2\/product\/24730","targetHints":{"allow":["GET"]}}],"collection":[{"href":"https:\/\/www.hanger-tools.com\/index.php?rest_route=\/wp\/v2\/product"}],"about":[{"href":"https:\/\/www.hanger-tools.com\/index.php?rest_route=\/wp\/v2\/types\/product"}],"wp:featuredmedia":[{"embeddable":true,"href":"https:\/\/www.hanger-tools.com\/index.php?rest_route=\/wp\/v2\/media\/24729"}],"wp:attachment":[{"href":"https:\/\/www.hanger-tools.com\/index.php?rest_route=%2Fwp%2Fv2%2Fmedia&parent=24730"}],"wp:term":[{"taxonomy":"product_brand","embeddable":true,"href":"https:\/\/www.hanger-tools.com\/index.php?rest_route=%2Fwp%2Fv2%2Fproduct_brand&post=24730"},{"taxonomy":"product_cat","embeddable":true,"href":"https:\/\/www.hanger-tools.com\/index.php?rest_route=%2Fwp%2Fv2%2Fproduct_cat&post=24730"},{"taxonomy":"product_tag","embeddable":true,"href":"https:\/\/www.hanger-tools.com\/index.php?rest_route=%2Fwp%2Fv2%2Fproduct_tag&post=24730"}],"curies":[{"name":"wp","href":"https:\/\/api.w.org\/{rel}","templated":true}]}}