{"id":24715,"date":"2025-10-28T08:56:46","date_gmt":"2025-10-28T08:56:46","guid":{"rendered":"https:\/\/www.hanger-tools.com\/?product=coffret-embouts-couleurs-hanger-32-pieces-2"},"modified":"2025-10-29T09:25:07","modified_gmt":"2025-10-29T09:25:07","slug":"coffret-embouts-couleurs-hanger-32-pieces-2","status":"publish","type":"product","link":"https:\/\/www.hanger-tools.com\/?product=coffret-embouts-couleurs-hanger-32-pieces-2","title":{"rendered":"Coffret embouts couleurs Hanger 32 pi\u00e8ces"},"content":{"rendered":"<p>Ce coffret d&#8217;embouts de la marque Hanger contient 31 embouts couleurs pour vous permettre une identification imm\u00e9diate du type d&#8217;empreinte et d&rsquo;un porte embout magn\u00e9tique \u00e0 verrouillage automatique. Boite \u00e9quip\u00e9e d&rsquo;un clip ceinture.<\/p>\n<p><strong>Caract\u00e9ristiques techniques :<\/strong><\/p>\n<ul>\n<li>Longueur embouts : 25 mm<\/li>\n<li>Finition : satin\u00e9e<\/li>\n<\/ul>\n","protected":false},"excerpt":{"rendered":"<p>Les embouts couleurs permettent une identification imm\u00e9diate du type d&#8217;empreinte.<\/p>\n","protected":false},"featured_media":24714,"template":"","meta":{"_acf_changed":false,"_et_pb_use_builder":"","_et_pb_old_content":"","_et_gb_content_width":"","_cloudinary_featured_overwrite":false},"product_brand":[],"product_cat":[15],"product_tag":[4066],"class_list":{"0":"post-24715","1":"product","2":"type-product","3":"status-publish","4":"has-post-thumbnail","6":"product_cat-produits","7":"product_tag-hanger","9":"first","10":"instock","11":"shipping-taxable","12":"purchasable","13":"product-type-simple"},"acf":[],"amp_enabled":false,"_links":{"self":[{"href":"https:\/\/www.hanger-tools.com\/index.php?rest_route=\/wp\/v2\/product\/24715","targetHints":{"allow":["GET"]}}],"collection":[{"href":"https:\/\/www.hanger-tools.com\/index.php?rest_route=\/wp\/v2\/product"}],"about":[{"href":"https:\/\/www.hanger-tools.com\/index.php?rest_route=\/wp\/v2\/types\/product"}],"wp:featuredmedia":[{"embeddable":true,"href":"https:\/\/www.hanger-tools.com\/index.php?rest_route=\/wp\/v2\/media\/24714"}],"wp:attachment":[{"href":"https:\/\/www.hanger-tools.com\/index.php?rest_route=%2Fwp%2Fv2%2Fmedia&parent=24715"}],"wp:term":[{"taxonomy":"product_brand","embeddable":true,"href":"https:\/\/www.hanger-tools.com\/index.php?rest_route=%2Fwp%2Fv2%2Fproduct_brand&post=24715"},{"taxonomy":"product_cat","embeddable":true,"href":"https:\/\/www.hanger-tools.com\/index.php?rest_route=%2Fwp%2Fv2%2Fproduct_cat&post=24715"},{"taxonomy":"product_tag","embeddable":true,"href":"https:\/\/www.hanger-tools.com\/index.php?rest_route=%2Fwp%2Fv2%2Fproduct_tag&post=24715"}],"curies":[{"name":"wp","href":"https:\/\/api.w.org\/{rel}","templated":true}]}}