{"id":24709,"date":"2025-10-28T08:56:19","date_gmt":"2025-10-28T08:56:19","guid":{"rendered":"https:\/\/www.hanger-tools.com\/?product=coffret-dembouts-de-vissage-10-pieces-hanger-250014"},"modified":"2025-10-29T09:25:06","modified_gmt":"2025-10-29T09:25:06","slug":"coffret-dembouts-de-vissage-10-pieces-hanger-250014","status":"publish","type":"product","link":"https:\/\/www.hanger-tools.com\/?product=coffret-dembouts-de-vissage-10-pieces-hanger-250014","title":{"rendered":"Coffret d&#8217;embouts de vissage 10 pi\u00e8ces HANGER 250014"},"content":{"rendered":"<p>Ce coffret d&#8217;embouts de vissage de la marque Hanger comprend 9 embouts de vissage S2 de 25 mm de longueur, offrant ainsi une polyvalence maximale pour une vari\u00e9t\u00e9 de travaux de vissage.<\/p>\n<p>Le coffret est \u00e9quip\u00e9 d&rsquo;un porte-embout \u00e0 verrouillage automatique, assurant ainsi une utilisation s\u00e9curis\u00e9e des embouts de vissage. Ce m\u00e9canisme de verrouillage garantit que les embouts restent bien en place pendant les travaux, \u00e9vitant ainsi les risques de chute ou de glissement.<\/p>\n<p>Gr\u00e2ce \u00e0 son format compact et \u00e0 son clip ceinture, ce coffret embouts de vissage est facile \u00e0 transporter sur le chantier.<\/p>\n<p>\u00a0<\/p>\n<p><b>Caract\u00e9ristiques techniques :<\/b><\/p>\n<ul>\n<li>Type d&#8217;empreinte\u00a0: phillips \/ pozidriv \/ torx<\/li>\n<\/ul>\n","protected":false},"excerpt":{"rendered":"<p>nan<\/p>\n","protected":false},"featured_media":24708,"template":"","meta":{"_acf_changed":false,"_et_pb_use_builder":"","_et_pb_old_content":"","_et_gb_content_width":"","_cloudinary_featured_overwrite":false},"product_brand":[],"product_cat":[15],"product_tag":[4066],"class_list":{"0":"post-24709","1":"product","2":"type-product","3":"status-publish","4":"has-post-thumbnail","6":"product_cat-produits","7":"product_tag-hanger","9":"first","10":"instock","11":"shipping-taxable","12":"purchasable","13":"product-type-simple"},"acf":[],"amp_enabled":false,"_links":{"self":[{"href":"https:\/\/www.hanger-tools.com\/index.php?rest_route=\/wp\/v2\/product\/24709","targetHints":{"allow":["GET"]}}],"collection":[{"href":"https:\/\/www.hanger-tools.com\/index.php?rest_route=\/wp\/v2\/product"}],"about":[{"href":"https:\/\/www.hanger-tools.com\/index.php?rest_route=\/wp\/v2\/types\/product"}],"wp:featuredmedia":[{"embeddable":true,"href":"https:\/\/www.hanger-tools.com\/index.php?rest_route=\/wp\/v2\/media\/24708"}],"wp:attachment":[{"href":"https:\/\/www.hanger-tools.com\/index.php?rest_route=%2Fwp%2Fv2%2Fmedia&parent=24709"}],"wp:term":[{"taxonomy":"product_brand","embeddable":true,"href":"https:\/\/www.hanger-tools.com\/index.php?rest_route=%2Fwp%2Fv2%2Fproduct_brand&post=24709"},{"taxonomy":"product_cat","embeddable":true,"href":"https:\/\/www.hanger-tools.com\/index.php?rest_route=%2Fwp%2Fv2%2Fproduct_cat&post=24709"},{"taxonomy":"product_tag","embeddable":true,"href":"https:\/\/www.hanger-tools.com\/index.php?rest_route=%2Fwp%2Fv2%2Fproduct_tag&post=24709"}],"curies":[{"name":"wp","href":"https:\/\/api.w.org\/{rel}","templated":true}]}}