{"id":24680,"date":"2025-10-28T08:55:20","date_gmt":"2025-10-28T08:55:20","guid":{"rendered":"https:\/\/www.hanger-tools.com\/?product=sac-de-rangement-textile-18-l-hanger-510109"},"modified":"2025-10-29T09:24:54","modified_gmt":"2025-10-29T09:24:54","slug":"sac-de-rangement-textile-18-l-hanger-510109","status":"publish","type":"product","link":"https:\/\/www.hanger-tools.com\/?product=sac-de-rangement-textile-18-l-hanger-510109","title":{"rendered":"Sac de rangement textile 18 L &#8211; HANGER &#8211; 510109"},"content":{"rendered":"<p><strong>Caract\u00e9ristiques techniques :<br \/><\/strong><\/p>\n<ul>\n<li>Fabrication robuste pour une durabilit\u00e9 ultime<\/li>\n<li>Poign\u00e9e en acier avec prise en caoutchouc souple<\/li>\n<li>Structure ouverte pour un acc\u00e8s rapide et facile aux outils<\/li>\n<li>Base du sac imperm\u00e9able, moul\u00e9e sur tissu<\/li>\n<li>4 poches de rangement \u00e0 l&rsquo;int\u00e9rieur, 10 poches de rangement \u00e0 l&rsquo;ext\u00e9rieur<\/li>\n<li>Capacit\u00e9 : 18 L<\/li>\n<li>Poids : 2,000 kg<\/li>\n<li>Dimension : 42 x 22 x 30 cm<\/li>\n<li>Composition : 100% polyester<\/li>\n<\/ul>\n","protected":false},"excerpt":{"rendered":"<p>nan<\/p>\n","protected":false},"featured_media":24679,"template":"","meta":{"_acf_changed":false,"_et_pb_use_builder":"","_et_pb_old_content":"","_et_gb_content_width":"","_cloudinary_featured_overwrite":false},"product_brand":[],"product_cat":[15],"product_tag":[4066],"class_list":{"0":"post-24680","1":"product","2":"type-product","3":"status-publish","4":"has-post-thumbnail","6":"product_cat-produits","7":"product_tag-hanger","9":"first","10":"outofstock","11":"shipping-taxable","12":"purchasable","13":"product-type-simple"},"acf":[],"amp_enabled":false,"_links":{"self":[{"href":"https:\/\/www.hanger-tools.com\/index.php?rest_route=\/wp\/v2\/product\/24680","targetHints":{"allow":["GET"]}}],"collection":[{"href":"https:\/\/www.hanger-tools.com\/index.php?rest_route=\/wp\/v2\/product"}],"about":[{"href":"https:\/\/www.hanger-tools.com\/index.php?rest_route=\/wp\/v2\/types\/product"}],"wp:featuredmedia":[{"embeddable":true,"href":"https:\/\/www.hanger-tools.com\/index.php?rest_route=\/wp\/v2\/media\/24679"}],"wp:attachment":[{"href":"https:\/\/www.hanger-tools.com\/index.php?rest_route=%2Fwp%2Fv2%2Fmedia&parent=24680"}],"wp:term":[{"taxonomy":"product_brand","embeddable":true,"href":"https:\/\/www.hanger-tools.com\/index.php?rest_route=%2Fwp%2Fv2%2Fproduct_brand&post=24680"},{"taxonomy":"product_cat","embeddable":true,"href":"https:\/\/www.hanger-tools.com\/index.php?rest_route=%2Fwp%2Fv2%2Fproduct_cat&post=24680"},{"taxonomy":"product_tag","embeddable":true,"href":"https:\/\/www.hanger-tools.com\/index.php?rest_route=%2Fwp%2Fv2%2Fproduct_tag&post=24680"}],"curies":[{"name":"wp","href":"https:\/\/api.w.org\/{rel}","templated":true}]}}