{"id":24678,"date":"2025-10-28T08:55:13","date_gmt":"2025-10-28T08:55:13","guid":{"rendered":"https:\/\/www.hanger-tools.com\/?product=sac-a-outils-trolley-45-l-hanger-510113-2"},"modified":"2025-10-29T09:24:52","modified_gmt":"2025-10-29T09:24:52","slug":"sac-a-outils-trolley-45-l-hanger-510113-2","status":"publish","type":"product","link":"https:\/\/www.hanger-tools.com\/?product=sac-a-outils-trolley-45-l-hanger-510113-2","title":{"rendered":"Sac \u00e0 outils trolley 45 L &#8211; HANGER &#8211; 510113"},"content":{"rendered":"<p><strong>Caract\u00e9ristiques techniques :<\/strong><\/p>\n<ul>\n<li>7 poches de rangement \u00e0 l&rsquo;int\u00e9rieur, 11 poches de rangement \u00e0 l&rsquo;ext\u00e9rieur<\/li>\n<li>Pieds anti-d\u00e9rapants sur\u00e9lev\u00e9s + 2 roues renforc\u00e9es<\/li>\n<li>Poign\u00e9e t\u00e9lescopique avec bouton<\/li>\n<li>Anses pour transport \u00e0 la main<\/li>\n<li>Sac \u00e0 large ouverture pour un acc\u00e8s rapide aux outils<\/li>\n<li>Capacit\u00e9 : 45 L<\/li>\n<li>Poids : 5,000 kg<\/li>\n<li>Dimension : 46 x 32 x 40 cm<\/li>\n<li>Composition : 100% polyester<\/li>\n<\/ul>\n","protected":false},"excerpt":{"rendered":"<p>nan<\/p>\n","protected":false},"featured_media":24677,"template":"","meta":{"_acf_changed":false,"_et_pb_use_builder":"","_et_pb_old_content":"","_et_gb_content_width":"","_cloudinary_featured_overwrite":false},"product_brand":[],"product_cat":[15],"product_tag":[4066],"class_list":{"0":"post-24678","1":"product","2":"type-product","3":"status-publish","4":"has-post-thumbnail","6":"product_cat-produits","7":"product_tag-hanger","9":"first","10":"outofstock","11":"shipping-taxable","12":"purchasable","13":"product-type-simple"},"acf":[],"amp_enabled":false,"_links":{"self":[{"href":"https:\/\/www.hanger-tools.com\/index.php?rest_route=\/wp\/v2\/product\/24678","targetHints":{"allow":["GET"]}}],"collection":[{"href":"https:\/\/www.hanger-tools.com\/index.php?rest_route=\/wp\/v2\/product"}],"about":[{"href":"https:\/\/www.hanger-tools.com\/index.php?rest_route=\/wp\/v2\/types\/product"}],"wp:featuredmedia":[{"embeddable":true,"href":"https:\/\/www.hanger-tools.com\/index.php?rest_route=\/wp\/v2\/media\/24677"}],"wp:attachment":[{"href":"https:\/\/www.hanger-tools.com\/index.php?rest_route=%2Fwp%2Fv2%2Fmedia&parent=24678"}],"wp:term":[{"taxonomy":"product_brand","embeddable":true,"href":"https:\/\/www.hanger-tools.com\/index.php?rest_route=%2Fwp%2Fv2%2Fproduct_brand&post=24678"},{"taxonomy":"product_cat","embeddable":true,"href":"https:\/\/www.hanger-tools.com\/index.php?rest_route=%2Fwp%2Fv2%2Fproduct_cat&post=24678"},{"taxonomy":"product_tag","embeddable":true,"href":"https:\/\/www.hanger-tools.com\/index.php?rest_route=%2Fwp%2Fv2%2Fproduct_tag&post=24678"}],"curies":[{"name":"wp","href":"https:\/\/api.w.org\/{rel}","templated":true}]}}