{"id":24600,"date":"2025-10-28T08:52:36","date_gmt":"2025-10-28T08:52:36","guid":{"rendered":"https:\/\/www.hanger-tools.com\/?product=coffret-de-19-forets-hanger-hss-tailles-meules"},"modified":"2025-10-29T09:24:11","modified_gmt":"2025-10-29T09:24:11","slug":"coffret-de-19-forets-hanger-hss-tailles-meules","status":"publish","type":"product","link":"https:\/\/www.hanger-tools.com\/?product=coffret-de-19-forets-hanger-hss-tailles-meules","title":{"rendered":"Coffret de 19 forets Hanger HSS taill\u00e9s meul\u00e9s"},"content":{"rendered":"<p>Ce coffret de 19 forets m\u00e9taux HSS de la marque Hanger vous sera tr\u00e8s utile pour un usage r\u00e9gulier pour percer les m\u00e9taux ferreux et non ferreux tels que l&rsquo;acier, la fonte, l&rsquo;aluminium. Les forets pr\u00e9sents dans ce coffret vont du diam\u00e8tre 1 au diam\u00e8tre 10 afin de vous permettre d&rsquo;avoir \u00e0 port\u00e9e de main les forets m\u00e9taux dont vous aurez le plus besoin.<strong><\/p>\n<p>Caract\u00e9ristiques techniques :<\/strong><\/p>\n<ul>\n<li>Contenu : 19 forets<\/li>\n<li>Type : N<\/li>\n<li>Foret : HSS taill\u00e9 meul\u00e9<\/li>\n<li>Aff\u00fbtage : en croix<\/li>\n<li>Angle de pointe : 118\u00b0<\/li>\n<li>Diam\u00e8tre : 1 &#8211; 10 mm par 0,5 mm<\/li>\n<\/ul>\n","protected":false},"excerpt":{"rendered":"<p>nan<\/p>\n","protected":false},"featured_media":24599,"template":"","meta":{"_acf_changed":false,"_et_pb_use_builder":"","_et_pb_old_content":"","_et_gb_content_width":"","_cloudinary_featured_overwrite":false},"product_brand":[],"product_cat":[15],"product_tag":[4066],"class_list":{"0":"post-24600","1":"product","2":"type-product","3":"status-publish","4":"has-post-thumbnail","6":"product_cat-produits","7":"product_tag-hanger","9":"first","10":"instock","11":"shipping-taxable","12":"purchasable","13":"product-type-simple"},"acf":[],"amp_enabled":false,"_links":{"self":[{"href":"https:\/\/www.hanger-tools.com\/index.php?rest_route=\/wp\/v2\/product\/24600","targetHints":{"allow":["GET"]}}],"collection":[{"href":"https:\/\/www.hanger-tools.com\/index.php?rest_route=\/wp\/v2\/product"}],"about":[{"href":"https:\/\/www.hanger-tools.com\/index.php?rest_route=\/wp\/v2\/types\/product"}],"wp:featuredmedia":[{"embeddable":true,"href":"https:\/\/www.hanger-tools.com\/index.php?rest_route=\/wp\/v2\/media\/24599"}],"wp:attachment":[{"href":"https:\/\/www.hanger-tools.com\/index.php?rest_route=%2Fwp%2Fv2%2Fmedia&parent=24600"}],"wp:term":[{"taxonomy":"product_brand","embeddable":true,"href":"https:\/\/www.hanger-tools.com\/index.php?rest_route=%2Fwp%2Fv2%2Fproduct_brand&post=24600"},{"taxonomy":"product_cat","embeddable":true,"href":"https:\/\/www.hanger-tools.com\/index.php?rest_route=%2Fwp%2Fv2%2Fproduct_cat&post=24600"},{"taxonomy":"product_tag","embeddable":true,"href":"https:\/\/www.hanger-tools.com\/index.php?rest_route=%2Fwp%2Fv2%2Fproduct_tag&post=24600"}],"curies":[{"name":"wp","href":"https:\/\/api.w.org\/{rel}","templated":true}]}}