{"id":24596,"date":"2025-10-28T08:52:32","date_gmt":"2025-10-28T08:52:32","guid":{"rendered":"https:\/\/www.hanger-tools.com\/?product=forets-metaux-hanger-hss-tailles-meules-16"},"modified":"2025-10-29T09:24:09","modified_gmt":"2025-10-29T09:24:09","slug":"forets-metaux-hanger-hss-tailles-meules-16","status":"publish","type":"product","link":"https:\/\/www.hanger-tools.com\/?product=forets-metaux-hanger-hss-tailles-meules-16","title":{"rendered":"Forets m\u00e9taux Hanger HSS taill\u00e9s meul\u00e9s"},"content":{"rendered":"<p>Les forets Hanger HSS taill\u00e9s meul\u00e9s DIN338 type N sont aff\u00fbt\u00e9s en croix. Ces forets fournissent une bonne concentricit\u00e9 et de meilleures performances de per\u00e7age.<\/p>\n<p><strong>Caract\u00e9ristiques techniques :<br \/><\/strong><\/p>\n<ul>\n<li>Type : N<\/li>\n<li>Foret : HSS taill\u00e9 meul\u00e9<\/li>\n<li>Aff\u00fbtage : en croix<\/li>\n<li>Angle de la pointe : 118\u00b0<\/li>\n<\/ul>\n<p><strong> Livr\u00e9s en :<\/strong><\/p>\n<ul>\n<li>Boite de 10 pour les forets de 1 \u00e0 7 mm<\/li>\n<li>Boite de 5 pour les forets de 7,5 \u00e0 13 mm<\/li>\n<\/ul>\n","protected":false},"excerpt":{"rendered":"<p>nan<\/p>\n","protected":false},"featured_media":24453,"template":"","meta":{"_acf_changed":false,"_et_pb_use_builder":"","_et_pb_old_content":"","_et_gb_content_width":"","_cloudinary_featured_overwrite":false},"product_brand":[],"product_cat":[15],"product_tag":[4066],"class_list":{"0":"post-24596","1":"product","2":"type-product","3":"status-publish","4":"has-post-thumbnail","6":"product_cat-produits","7":"product_tag-hanger","9":"first","10":"outofstock","11":"shipping-taxable","12":"purchasable","13":"product-type-simple"},"acf":[],"amp_enabled":false,"_links":{"self":[{"href":"https:\/\/www.hanger-tools.com\/index.php?rest_route=\/wp\/v2\/product\/24596","targetHints":{"allow":["GET"]}}],"collection":[{"href":"https:\/\/www.hanger-tools.com\/index.php?rest_route=\/wp\/v2\/product"}],"about":[{"href":"https:\/\/www.hanger-tools.com\/index.php?rest_route=\/wp\/v2\/types\/product"}],"wp:featuredmedia":[{"embeddable":true,"href":"https:\/\/www.hanger-tools.com\/index.php?rest_route=\/wp\/v2\/media\/24453"}],"wp:attachment":[{"href":"https:\/\/www.hanger-tools.com\/index.php?rest_route=%2Fwp%2Fv2%2Fmedia&parent=24596"}],"wp:term":[{"taxonomy":"product_brand","embeddable":true,"href":"https:\/\/www.hanger-tools.com\/index.php?rest_route=%2Fwp%2Fv2%2Fproduct_brand&post=24596"},{"taxonomy":"product_cat","embeddable":true,"href":"https:\/\/www.hanger-tools.com\/index.php?rest_route=%2Fwp%2Fv2%2Fproduct_cat&post=24596"},{"taxonomy":"product_tag","embeddable":true,"href":"https:\/\/www.hanger-tools.com\/index.php?rest_route=%2Fwp%2Fv2%2Fproduct_tag&post=24596"}],"curies":[{"name":"wp","href":"https:\/\/api.w.org\/{rel}","templated":true}]}}