{"id":24491,"date":"2025-10-28T08:47:59","date_gmt":"2025-10-28T08:47:59","guid":{"rendered":"https:\/\/www.hanger-tools.com\/?product=marteau-de-mecanicien-rivoir-manche-tri-matiere-50mm-hanger-110613"},"modified":"2025-10-31T08:59:10","modified_gmt":"2025-10-31T08:59:10","slug":"marteau-de-mecanicien-rivoir-manche-tri-matiere-50mm-hanger-110613","status":"publish","type":"product","link":"https:\/\/www.hanger-tools.com\/?product=marteau-de-mecanicien-rivoir-manche-tri-matiere-50mm-hanger-110613","title":{"rendered":"Marteau de m\u00e9canicien rivoir manche tri-mati\u00e8re 50mm HANGER 110613"},"content":{"rendered":"<p>Le marteau de m\u00e9canicien rivoir de la marque Hanger est un outil adapt\u00e9 pour une large gamme d&rsquo;applications. Ce marteau tri-mati\u00e8re est incassable car il b\u00e9n\u00e9ficie de la qualit\u00e9 des mat\u00e9riaux qui le composent, \u00e0 savoir la fibre de verre pour une meilleure r\u00e9sistance, le polypropyl\u00e8ne pour une r\u00e9duction des vibrations et les \u00e9lastom\u00e8res pour une prise en main confortable. De plus, sa conception ergonomique assure une excellente prise en main et un contr\u00f4le optimal.<\/p>\n","protected":false},"excerpt":{"rendered":"<p>nan<\/p>\n","protected":false},"featured_media":24483,"template":"","meta":{"_acf_changed":false,"_et_pb_use_builder":"","_et_pb_old_content":"","_et_gb_content_width":"","_cloudinary_featured_overwrite":false},"product_brand":[],"product_cat":[15,4449,4447],"product_tag":[4066],"class_list":{"0":"post-24491","1":"product","2":"type-product","3":"status-publish","4":"has-post-thumbnail","6":"product_cat-produits","7":"product_cat-marteaux","8":"product_cat-outils-a-mains","9":"product_tag-hanger","11":"first","12":"instock","13":"shipping-taxable","14":"purchasable","15":"product-type-simple"},"acf":[],"amp_enabled":false,"_links":{"self":[{"href":"https:\/\/www.hanger-tools.com\/index.php?rest_route=\/wp\/v2\/product\/24491","targetHints":{"allow":["GET"]}}],"collection":[{"href":"https:\/\/www.hanger-tools.com\/index.php?rest_route=\/wp\/v2\/product"}],"about":[{"href":"https:\/\/www.hanger-tools.com\/index.php?rest_route=\/wp\/v2\/types\/product"}],"wp:featuredmedia":[{"embeddable":true,"href":"https:\/\/www.hanger-tools.com\/index.php?rest_route=\/wp\/v2\/media\/24483"}],"wp:attachment":[{"href":"https:\/\/www.hanger-tools.com\/index.php?rest_route=%2Fwp%2Fv2%2Fmedia&parent=24491"}],"wp:term":[{"taxonomy":"product_brand","embeddable":true,"href":"https:\/\/www.hanger-tools.com\/index.php?rest_route=%2Fwp%2Fv2%2Fproduct_brand&post=24491"},{"taxonomy":"product_cat","embeddable":true,"href":"https:\/\/www.hanger-tools.com\/index.php?rest_route=%2Fwp%2Fv2%2Fproduct_cat&post=24491"},{"taxonomy":"product_tag","embeddable":true,"href":"https:\/\/www.hanger-tools.com\/index.php?rest_route=%2Fwp%2Fv2%2Fproduct_tag&post=24491"}],"curies":[{"name":"wp","href":"https:\/\/api.w.org\/{rel}","templated":true}]}}