{"id":24441,"date":"2025-10-28T08:45:28","date_gmt":"2025-10-28T08:45:28","guid":{"rendered":"https:\/\/www.hanger-tools.com\/?product=pistolet-scellement-chimique-380-ml-hanger-2"},"modified":"2025-10-29T09:23:04","modified_gmt":"2025-10-29T09:23:04","slug":"pistolet-scellement-chimique-380-ml-hanger-2","status":"publish","type":"product","link":"https:\/\/www.hanger-tools.com\/?product=pistolet-scellement-chimique-380-ml-hanger-2","title":{"rendered":"Pistolet scellement chimique 380 ml Hanger"},"content":{"rendered":"<p>Pistolet professionnel de scellement chimique. Con\u00e7u pour l&rsquo;extrusion des cartouches de scellement chimique. Utilis\u00e9 pour fixer des charges lourdes dans des mat\u00e9riaux de ma\u00e7onnerie qui peuvent \u00eatre pleins ou creux. Vous pourrez fixer un objet lourd sur un support tel que le bloc, la brique, le b\u00e9ton ou la pierre. Id\u00e9al pour injecter du scellement chimique, coller ou poser du mastic..<\/p>\n<p><strong>Caract\u00e9ristiques techniques : <\/strong><\/p>\n<ul>\n<li>Capacit\u00e9 cartouche : 380-410 ml<\/li>\n<\/ul>\n","protected":false},"excerpt":{"rendered":"<p>nan<\/p>\n","protected":false},"featured_media":24440,"template":"","meta":{"_acf_changed":false,"_et_pb_use_builder":"","_et_pb_old_content":"","_et_gb_content_width":"","_cloudinary_featured_overwrite":false},"product_brand":[],"product_cat":[15],"product_tag":[4066],"class_list":{"0":"post-24441","1":"product","2":"type-product","3":"status-publish","4":"has-post-thumbnail","6":"product_cat-produits","7":"product_tag-hanger","9":"first","10":"instock","11":"shipping-taxable","12":"purchasable","13":"product-type-simple"},"acf":[],"amp_enabled":false,"_links":{"self":[{"href":"https:\/\/www.hanger-tools.com\/index.php?rest_route=\/wp\/v2\/product\/24441","targetHints":{"allow":["GET"]}}],"collection":[{"href":"https:\/\/www.hanger-tools.com\/index.php?rest_route=\/wp\/v2\/product"}],"about":[{"href":"https:\/\/www.hanger-tools.com\/index.php?rest_route=\/wp\/v2\/types\/product"}],"wp:featuredmedia":[{"embeddable":true,"href":"https:\/\/www.hanger-tools.com\/index.php?rest_route=\/wp\/v2\/media\/24440"}],"wp:attachment":[{"href":"https:\/\/www.hanger-tools.com\/index.php?rest_route=%2Fwp%2Fv2%2Fmedia&parent=24441"}],"wp:term":[{"taxonomy":"product_brand","embeddable":true,"href":"https:\/\/www.hanger-tools.com\/index.php?rest_route=%2Fwp%2Fv2%2Fproduct_brand&post=24441"},{"taxonomy":"product_cat","embeddable":true,"href":"https:\/\/www.hanger-tools.com\/index.php?rest_route=%2Fwp%2Fv2%2Fproduct_cat&post=24441"},{"taxonomy":"product_tag","embeddable":true,"href":"https:\/\/www.hanger-tools.com\/index.php?rest_route=%2Fwp%2Fv2%2Fproduct_tag&post=24441"}],"curies":[{"name":"wp","href":"https:\/\/api.w.org\/{rel}","templated":true}]}}