{"id":24429,"date":"2025-10-28T08:44:46","date_gmt":"2025-10-28T08:44:46","guid":{"rendered":"https:\/\/www.hanger-tools.com\/?product=rape-a-bois-plate-emmanchee-hanger-4"},"modified":"2025-10-29T09:22:59","modified_gmt":"2025-10-29T09:22:59","slug":"rape-a-bois-plate-emmanchee-hanger-4","status":"publish","type":"product","link":"https:\/\/www.hanger-tools.com\/?product=rape-a-bois-plate-emmanchee-hanger-4","title":{"rendered":"R\u00e2pe \u00e0 bois plate emmanch\u00e9e Hanger"},"content":{"rendered":"<p>R\u00e2pe \u00e0 bois Hanger destin\u00e9e aux surfaces planes ou \u00e0 aplanir les surfaces souhait\u00e9es. Sa poign\u00e9e bi-mati\u00e8re est antid\u00e9rapante pour vous permettre une utilisation confortable. La r\u00e2pe \u00e0 bois Hanger est en acier carbone de haute qualit\u00e9.<\/p>\n<p><strong>Caract\u00e9ristiques techniques :<br \/><\/strong><\/p>\n<ul>\n<li>Grosse piq\u00fbre pour d\u00e9grossir les surfaces travaill\u00e9es<\/li>\n<li>Plate pour aplanir ou travailler sur une surface plane<\/li>\n<li>Poign\u00e9e bi-mati\u00e8re antid\u00e9rapante<\/li>\n<li>Acier carbone<\/li>\n<\/ul>\n","protected":false},"excerpt":{"rendered":"<p>nan<\/p>\n","protected":false},"featured_media":24422,"template":"","meta":{"_acf_changed":false,"_et_pb_use_builder":"","_et_pb_old_content":"","_et_gb_content_width":"","_cloudinary_featured_overwrite":false},"product_brand":[],"product_cat":[15],"product_tag":[4066],"class_list":{"0":"post-24429","1":"product","2":"type-product","3":"status-publish","4":"has-post-thumbnail","6":"product_cat-produits","7":"product_tag-hanger","9":"first","10":"instock","11":"shipping-taxable","12":"purchasable","13":"product-type-simple"},"acf":[],"amp_enabled":false,"_links":{"self":[{"href":"https:\/\/www.hanger-tools.com\/index.php?rest_route=\/wp\/v2\/product\/24429","targetHints":{"allow":["GET"]}}],"collection":[{"href":"https:\/\/www.hanger-tools.com\/index.php?rest_route=\/wp\/v2\/product"}],"about":[{"href":"https:\/\/www.hanger-tools.com\/index.php?rest_route=\/wp\/v2\/types\/product"}],"wp:featuredmedia":[{"embeddable":true,"href":"https:\/\/www.hanger-tools.com\/index.php?rest_route=\/wp\/v2\/media\/24422"}],"wp:attachment":[{"href":"https:\/\/www.hanger-tools.com\/index.php?rest_route=%2Fwp%2Fv2%2Fmedia&parent=24429"}],"wp:term":[{"taxonomy":"product_brand","embeddable":true,"href":"https:\/\/www.hanger-tools.com\/index.php?rest_route=%2Fwp%2Fv2%2Fproduct_brand&post=24429"},{"taxonomy":"product_cat","embeddable":true,"href":"https:\/\/www.hanger-tools.com\/index.php?rest_route=%2Fwp%2Fv2%2Fproduct_cat&post=24429"},{"taxonomy":"product_tag","embeddable":true,"href":"https:\/\/www.hanger-tools.com\/index.php?rest_route=%2Fwp%2Fv2%2Fproduct_tag&post=24429"}],"curies":[{"name":"wp","href":"https:\/\/api.w.org\/{rel}","templated":true}]}}